{"id":3689369,"date":"2025-10-13T13:38:01","date_gmt":"2025-10-13T17:38:01","guid":{"rendered":"https:\/\/stoic-curie.212-227-153-4.plesk.page\/product\/loxx-tenax-samourezni-vijci-16mm-nehrdajuci-celik-set-10-kom\/"},"modified":"2026-02-25T00:00:53","modified_gmt":"2026-02-25T00:00:53","slug":"loxx-tenax-samourezni-vijci-16mm-nehrdajuci-celik-set-10-kom","status":"publish","type":"product","link":"https:\/\/stoic-curie.212-227-153-4.plesk.page\/hr\/product\/loxx-tenax-samourezni-vijci-16mm-nehrdajuci-celik-set-10-kom\/","title":{"rendered":"Loxx-Tenax samourezni vijci 16mm, nehr\u0111aju\u0107i \u010delik, set 10 kom"},"content":{"rendered":"<p>Loxx-Tenax samourezni vijci 16mm, nehr\u0111aju\u0107i \u010delik, set 10 kom &#8211; <\/p>\n<p>Loxx 10 komada samoprobojnih vijaka od nehr\u0111aju\u0107eg \u010delika u blister pakiranju. Uklju\u010deni alat za monta\u017eu.<\/p>\n","protected":false},"excerpt":{"rendered":"<p>Loxx-Tenax samourezni vijci 16mm, nehr\u0111aju\u0107i \u010delik, set 10 kom &#8211; Loxx 10 komada samoprobojnih vijaka od nehr\u0111aju\u0107eg \u010delika u blister<\/p>\n","protected":false},"featured_media":5941676,"comment_status":"closed","ping_status":"closed","template":"","meta":[],"product_brand":[3076],"product_cat":[1689,1703],"product_tag":[],"class_list":{"0":"post-3689369","1":"product","2":"type-product","3":"status-publish","4":"has-post-thumbnail","6":"product_brand-loxx-hr","7":"product_cat-bimini-tende","8":"product_cat-hardver-za-navlake-i-bimini","10":"first","11":"instock","12":"shipping-taxable","13":"purchasable","14":"product-type-simple"},"_links":{"self":[{"href":"https:\/\/stoic-curie.212-227-153-4.plesk.page\/hr\/wp-json\/wp\/v2\/product\/3689369","targetHints":{"allow":["GET"]}}],"collection":[{"href":"https:\/\/stoic-curie.212-227-153-4.plesk.page\/hr\/wp-json\/wp\/v2\/product"}],"about":[{"href":"https:\/\/stoic-curie.212-227-153-4.plesk.page\/hr\/wp-json\/wp\/v2\/types\/product"}],"replies":[{"embeddable":true,"href":"https:\/\/stoic-curie.212-227-153-4.plesk.page\/hr\/wp-json\/wp\/v2\/comments?post=3689369"}],"version-history":[{"count":0,"href":"https:\/\/stoic-curie.212-227-153-4.plesk.page\/hr\/wp-json\/wp\/v2\/product\/3689369\/revisions"}],"wp:featuredmedia":[{"embeddable":true,"href":"https:\/\/stoic-curie.212-227-153-4.plesk.page\/hr\/wp-json\/wp\/v2\/media\/5941676"}],"wp:attachment":[{"href":"https:\/\/stoic-curie.212-227-153-4.plesk.page\/hr\/wp-json\/wp\/v2\/media?parent=3689369"}],"wp:term":[{"taxonomy":"product_brand","embeddable":true,"href":"https:\/\/stoic-curie.212-227-153-4.plesk.page\/hr\/wp-json\/wp\/v2\/product_brand?post=3689369"},{"taxonomy":"product_cat","embeddable":true,"href":"https:\/\/stoic-curie.212-227-153-4.plesk.page\/hr\/wp-json\/wp\/v2\/product_cat?post=3689369"},{"taxonomy":"product_tag","embeddable":true,"href":"https:\/\/stoic-curie.212-227-153-4.plesk.page\/hr\/wp-json\/wp\/v2\/product_tag?post=3689369"}],"curies":[{"name":"wp","href":"https:\/\/api.w.org\/{rel}","templated":true}]}}