{"id":3689371,"date":"2025-10-13T13:38:01","date_gmt":"2025-10-13T17:38:01","guid":{"rendered":"https:\/\/stoic-curie.212-227-153-4.plesk.page\/product\/cijevni-radarski-reflektor-100-x-h570-mm-5-milja\/"},"modified":"2026-02-25T00:00:53","modified_gmt":"2026-02-25T00:00:53","slug":"cijevni-radarski-reflektor-100-x-h570-mm-5-milja","status":"publish","type":"product","link":"https:\/\/stoic-curie.212-227-153-4.plesk.page\/hr\/product\/cijevni-radarski-reflektor-100-x-h570-mm-5-milja\/","title":{"rendered":"Cijevni radarski reflektor 100 x h570 mm (5 milja)"},"content":{"rendered":"<p>Cijevni radarski reflektor 100 x h570 mm (5 milja) &#8211; <\/p>\n<p>Univerzalni tubularni radar reflektor za jedrilice. Mo\u017ee se podi\u0107i na jedra ili montirati na tlo s dodatnom bazom (kod 3035212). Odli\u010dna radar reakcija zahvaljuju\u0107i pove\u0107anoj reflektivnoj povr\u0161ini.<\/p>\n","protected":false},"excerpt":{"rendered":"<p>Cijevni radarski reflektor 100 x h570 mm (5 milja) &#8211; Univerzalni tubularni radar reflektor za jedrilice. Mo\u017ee se podi\u0107i na<\/p>\n","protected":false},"featured_media":5941678,"comment_status":"closed","ping_status":"closed","template":"","meta":[],"product_brand":[2876],"product_cat":[1771,1776,1605],"product_tag":[],"class_list":{"0":"post-3689371","1":"product","2":"type-product","3":"status-publish","4":"has-post-thumbnail","6":"product_brand-davis-hr","7":"product_cat-oprema-za-jedrilice-oprema-za-jedrilice","8":"product_cat-oprema-za-signalizaciju","9":"product_cat-oprema-za-sigurnost-plovila","11":"first","12":"instock","13":"shipping-taxable","14":"purchasable","15":"product-type-simple"},"_links":{"self":[{"href":"https:\/\/stoic-curie.212-227-153-4.plesk.page\/hr\/wp-json\/wp\/v2\/product\/3689371","targetHints":{"allow":["GET"]}}],"collection":[{"href":"https:\/\/stoic-curie.212-227-153-4.plesk.page\/hr\/wp-json\/wp\/v2\/product"}],"about":[{"href":"https:\/\/stoic-curie.212-227-153-4.plesk.page\/hr\/wp-json\/wp\/v2\/types\/product"}],"replies":[{"embeddable":true,"href":"https:\/\/stoic-curie.212-227-153-4.plesk.page\/hr\/wp-json\/wp\/v2\/comments?post=3689371"}],"version-history":[{"count":0,"href":"https:\/\/stoic-curie.212-227-153-4.plesk.page\/hr\/wp-json\/wp\/v2\/product\/3689371\/revisions"}],"wp:featuredmedia":[{"embeddable":true,"href":"https:\/\/stoic-curie.212-227-153-4.plesk.page\/hr\/wp-json\/wp\/v2\/media\/5941678"}],"wp:attachment":[{"href":"https:\/\/stoic-curie.212-227-153-4.plesk.page\/hr\/wp-json\/wp\/v2\/media?parent=3689371"}],"wp:term":[{"taxonomy":"product_brand","embeddable":true,"href":"https:\/\/stoic-curie.212-227-153-4.plesk.page\/hr\/wp-json\/wp\/v2\/product_brand?post=3689371"},{"taxonomy":"product_cat","embeddable":true,"href":"https:\/\/stoic-curie.212-227-153-4.plesk.page\/hr\/wp-json\/wp\/v2\/product_cat?post=3689371"},{"taxonomy":"product_tag","embeddable":true,"href":"https:\/\/stoic-curie.212-227-153-4.plesk.page\/hr\/wp-json\/wp\/v2\/product_tag?post=3689371"}],"curies":[{"name":"wp","href":"https:\/\/api.w.org\/{rel}","templated":true}]}}