{"id":3689372,"date":"2025-10-13T13:38:01","date_gmt":"2025-10-13T17:38:01","guid":{"rendered":"https:\/\/stoic-curie.212-227-153-4.plesk.page\/product\/ugradbena-podloga-za-radarski-reflektor\/"},"modified":"2026-02-25T00:00:53","modified_gmt":"2026-02-25T00:00:53","slug":"ugradbena-podloga-za-radarski-reflektor","status":"publish","type":"product","link":"https:\/\/stoic-curie.212-227-153-4.plesk.page\/hr\/product\/ugradbena-podloga-za-radarski-reflektor\/","title":{"rendered":"Ugradbena podloga za radarski reflektor"},"content":{"rendered":"<p>Ugradbena podloga za radarski reflektor &#8211; <\/p>\n<p>Univerzalni tubularni radar reflektor za jedrilice. Mo\u017ee se podi\u0107i na sidrentu ili montirati na pod s opcionalnom bazom kod 3035212. Izvrsna radarna osjetljivost zahvaljuju\u0107i pove\u0107anoj reflektiraju\u0107oj povr\u0161ini.<\/p>\n","protected":false},"excerpt":{"rendered":"<p>Ugradbena podloga za radarski reflektor &#8211; Univerzalni tubularni radar reflektor za jedrilice. Mo\u017ee se podi\u0107i na sidrentu ili montirati na<\/p>\n","protected":false},"featured_media":5941679,"comment_status":"closed","ping_status":"closed","template":"","meta":[],"product_brand":[2876],"product_cat":[1776],"product_tag":[],"class_list":{"0":"post-3689372","1":"product","2":"type-product","3":"status-publish","4":"has-post-thumbnail","6":"product_brand-davis-hr","7":"product_cat-oprema-za-signalizaciju","9":"first","10":"instock","11":"shipping-taxable","12":"purchasable","13":"product-type-simple"},"_links":{"self":[{"href":"https:\/\/stoic-curie.212-227-153-4.plesk.page\/hr\/wp-json\/wp\/v2\/product\/3689372","targetHints":{"allow":["GET"]}}],"collection":[{"href":"https:\/\/stoic-curie.212-227-153-4.plesk.page\/hr\/wp-json\/wp\/v2\/product"}],"about":[{"href":"https:\/\/stoic-curie.212-227-153-4.plesk.page\/hr\/wp-json\/wp\/v2\/types\/product"}],"replies":[{"embeddable":true,"href":"https:\/\/stoic-curie.212-227-153-4.plesk.page\/hr\/wp-json\/wp\/v2\/comments?post=3689372"}],"version-history":[{"count":0,"href":"https:\/\/stoic-curie.212-227-153-4.plesk.page\/hr\/wp-json\/wp\/v2\/product\/3689372\/revisions"}],"wp:featuredmedia":[{"embeddable":true,"href":"https:\/\/stoic-curie.212-227-153-4.plesk.page\/hr\/wp-json\/wp\/v2\/media\/5941679"}],"wp:attachment":[{"href":"https:\/\/stoic-curie.212-227-153-4.plesk.page\/hr\/wp-json\/wp\/v2\/media?parent=3689372"}],"wp:term":[{"taxonomy":"product_brand","embeddable":true,"href":"https:\/\/stoic-curie.212-227-153-4.plesk.page\/hr\/wp-json\/wp\/v2\/product_brand?post=3689372"},{"taxonomy":"product_cat","embeddable":true,"href":"https:\/\/stoic-curie.212-227-153-4.plesk.page\/hr\/wp-json\/wp\/v2\/product_cat?post=3689372"},{"taxonomy":"product_tag","embeddable":true,"href":"https:\/\/stoic-curie.212-227-153-4.plesk.page\/hr\/wp-json\/wp\/v2\/product_tag?post=3689372"}],"curies":[{"name":"wp","href":"https:\/\/api.w.org\/{rel}","templated":true}]}}