{"id":3689376,"date":"2025-10-13T13:38:02","date_gmt":"2025-10-13T17:38:02","guid":{"rendered":"https:\/\/stoic-curie.212-227-153-4.plesk.page\/product\/zatezac-od-nehrdajuceg-celika-bijela-traka-25mm-x-6mt-500kg\/"},"modified":"2026-02-25T00:00:53","modified_gmt":"2026-02-25T00:00:53","slug":"zatezac-od-nehrdajuceg-celika-bijela-traka-25mm-x-6mt-500kg","status":"publish","type":"product","link":"https:\/\/stoic-curie.212-227-153-4.plesk.page\/hr\/product\/zatezac-od-nehrdajuceg-celika-bijela-traka-25mm-x-6mt-500kg\/","title":{"rendered":"Zateza\u010d od nehr\u0111aju\u0107eg \u010delika + bijela traka 25mm x 6mt -500kg"},"content":{"rendered":"<p>Zateza\u010d od nehr\u0111aju\u0107eg \u010delika + bijela traka 25mm x 6mt -500kg &#8211; <\/p>\n<p>Remen s maticom od visokotrajnog poliestera i maticom od nehr\u0111aju\u0107eg \u010delika. Idealan za vezivanje bilo kojeg tereta na brodovima, mostovima, kontejnerima, kolica i vozilima. CE oznaka prema EN 12195-2.<\/p>\n","protected":false},"excerpt":{"rendered":"<p>Zateza\u010d od nehr\u0111aju\u0107eg \u010delika + bijela traka 25mm x 6mt -500kg &#8211; Remen s maticom od visokotrajnog poliestera i maticom<\/p>\n","protected":false},"featured_media":5941683,"comment_status":"closed","ping_status":"closed","template":"","meta":[],"product_brand":[2891],"product_cat":[1838],"product_tag":[],"class_list":{"0":"post-3689376","1":"product","2":"type-product","3":"status-publish","4":"has-post-thumbnail","6":"product_brand-domar-hr","7":"product_cat-trake-i-remeni-za-pritezanje","9":"first","10":"instock","11":"shipping-taxable","12":"purchasable","13":"product-type-simple"},"_links":{"self":[{"href":"https:\/\/stoic-curie.212-227-153-4.plesk.page\/hr\/wp-json\/wp\/v2\/product\/3689376","targetHints":{"allow":["GET"]}}],"collection":[{"href":"https:\/\/stoic-curie.212-227-153-4.plesk.page\/hr\/wp-json\/wp\/v2\/product"}],"about":[{"href":"https:\/\/stoic-curie.212-227-153-4.plesk.page\/hr\/wp-json\/wp\/v2\/types\/product"}],"replies":[{"embeddable":true,"href":"https:\/\/stoic-curie.212-227-153-4.plesk.page\/hr\/wp-json\/wp\/v2\/comments?post=3689376"}],"version-history":[{"count":0,"href":"https:\/\/stoic-curie.212-227-153-4.plesk.page\/hr\/wp-json\/wp\/v2\/product\/3689376\/revisions"}],"wp:featuredmedia":[{"embeddable":true,"href":"https:\/\/stoic-curie.212-227-153-4.plesk.page\/hr\/wp-json\/wp\/v2\/media\/5941683"}],"wp:attachment":[{"href":"https:\/\/stoic-curie.212-227-153-4.plesk.page\/hr\/wp-json\/wp\/v2\/media?parent=3689376"}],"wp:term":[{"taxonomy":"product_brand","embeddable":true,"href":"https:\/\/stoic-curie.212-227-153-4.plesk.page\/hr\/wp-json\/wp\/v2\/product_brand?post=3689376"},{"taxonomy":"product_cat","embeddable":true,"href":"https:\/\/stoic-curie.212-227-153-4.plesk.page\/hr\/wp-json\/wp\/v2\/product_cat?post=3689376"},{"taxonomy":"product_tag","embeddable":true,"href":"https:\/\/stoic-curie.212-227-153-4.plesk.page\/hr\/wp-json\/wp\/v2\/product_tag?post=3689376"}],"curies":[{"name":"wp","href":"https:\/\/api.w.org\/{rel}","templated":true}]}}