{"id":3689378,"date":"2025-10-13T13:38:03","date_gmt":"2025-10-13T17:38:03","guid":{"rendered":"https:\/\/stoic-curie.212-227-153-4.plesk.page\/product\/pokrov-sjedala-srebrni\/"},"modified":"2026-02-25T00:00:53","modified_gmt":"2026-02-25T00:00:53","slug":"pokrov-sjedala-srebrni","status":"publish","type":"product","link":"https:\/\/stoic-curie.212-227-153-4.plesk.page\/hr\/product\/pokrov-sjedala-srebrni\/","title":{"rendered":"Pokrov sjedala, srebrni"},"content":{"rendered":"<p>Pokrov sjedala, srebrni &#8211; <\/p>\n<p>Premium kvalitetna navlaka za sjedala izra\u0111ena od 100 % vodoodbojnog PVC premazanog materijala. Otporna na UV zra\u010denje zahvaljuju\u0107i srebrnoj boji koja odra\u017eava sun\u010devu svjetlost. Opremljena unutarnjom elasti\u010dnom trakom koja se savr\u0161eno uklapa na svako sjedalo.<\/p>\n","protected":false},"excerpt":{"rendered":"<p>Pokrov sjedala, srebrni &#8211; Premium kvalitetna navlaka za sjedala izra\u0111ena od 100 % vodoodbojnog PVC premazanog materijala. Otporna na UV<\/p>\n","protected":false},"featured_media":5941686,"comment_status":"closed","ping_status":"closed","template":"","meta":[],"product_brand":[3236],"product_cat":[1678,1683],"product_tag":[],"class_list":{"0":"post-3689378","1":"product","2":"type-product","3":"status-publish","4":"has-post-thumbnail","6":"product_brand-osculati-hr","7":"product_cat-brodska-sjedala","8":"product_cat-cerade","10":"first","11":"instock","12":"shipping-taxable","13":"purchasable","14":"product-type-simple"},"_links":{"self":[{"href":"https:\/\/stoic-curie.212-227-153-4.plesk.page\/hr\/wp-json\/wp\/v2\/product\/3689378","targetHints":{"allow":["GET"]}}],"collection":[{"href":"https:\/\/stoic-curie.212-227-153-4.plesk.page\/hr\/wp-json\/wp\/v2\/product"}],"about":[{"href":"https:\/\/stoic-curie.212-227-153-4.plesk.page\/hr\/wp-json\/wp\/v2\/types\/product"}],"replies":[{"embeddable":true,"href":"https:\/\/stoic-curie.212-227-153-4.plesk.page\/hr\/wp-json\/wp\/v2\/comments?post=3689378"}],"version-history":[{"count":0,"href":"https:\/\/stoic-curie.212-227-153-4.plesk.page\/hr\/wp-json\/wp\/v2\/product\/3689378\/revisions"}],"wp:featuredmedia":[{"embeddable":true,"href":"https:\/\/stoic-curie.212-227-153-4.plesk.page\/hr\/wp-json\/wp\/v2\/media\/5941686"}],"wp:attachment":[{"href":"https:\/\/stoic-curie.212-227-153-4.plesk.page\/hr\/wp-json\/wp\/v2\/media?parent=3689378"}],"wp:term":[{"taxonomy":"product_brand","embeddable":true,"href":"https:\/\/stoic-curie.212-227-153-4.plesk.page\/hr\/wp-json\/wp\/v2\/product_brand?post=3689378"},{"taxonomy":"product_cat","embeddable":true,"href":"https:\/\/stoic-curie.212-227-153-4.plesk.page\/hr\/wp-json\/wp\/v2\/product_cat?post=3689378"},{"taxonomy":"product_tag","embeddable":true,"href":"https:\/\/stoic-curie.212-227-153-4.plesk.page\/hr\/wp-json\/wp\/v2\/product_tag?post=3689378"}],"curies":[{"name":"wp","href":"https:\/\/api.w.org\/{rel}","templated":true}]}}