{"id":3689379,"date":"2025-10-13T13:38:03","date_gmt":"2025-10-13T17:38:03","guid":{"rendered":"https:\/\/stoic-curie.212-227-153-4.plesk.page\/product\/standardni-remen-za-pricvrscenje-25-mm-x-5mt-500-kg\/"},"modified":"2026-02-25T00:00:53","modified_gmt":"2026-02-25T00:00:53","slug":"standardni-remen-za-pricvrscenje-25-mm-x-5mt-500-kg","status":"publish","type":"product","link":"https:\/\/stoic-curie.212-227-153-4.plesk.page\/hr\/product\/standardni-remen-za-pricvrscenje-25-mm-x-5mt-500-kg\/","title":{"rendered":"Standardni remen za pri\u010dvr\u0161cenje 25 mm x 5mt &#8211; 500 kg"},"content":{"rendered":"<p>Standardni remen za pri\u010dvr\u0161cenje 25 mm x 5mt &#8211; 500 kg &#8211; <\/p>\n<p>Traka s kva\u010dicom od visokotla\u010dne poliester trake i \u017eeljezne-kadmijske kva\u010dice. Idealna za vezivanje tereta na \u010damcima, mostovima, spremnicima, kolica i vozilima. CE oznaka prema EN 12195-2.<\/p>\n","protected":false},"excerpt":{"rendered":"<p>Standardni remen za pri\u010dvr\u0161cenje 25 mm x 5mt &#8211; 500 kg &#8211; Traka s kva\u010dicom od visokotla\u010dne poliester trake i<\/p>\n","protected":false},"featured_media":5941687,"comment_status":"closed","ping_status":"closed","template":"","meta":[],"product_brand":[2891],"product_cat":[1838],"product_tag":[],"class_list":{"0":"post-3689379","1":"product","2":"type-product","3":"status-publish","4":"has-post-thumbnail","6":"product_brand-domar-hr","7":"product_cat-trake-i-remeni-za-pritezanje","9":"first","10":"instock","11":"shipping-taxable","12":"purchasable","13":"product-type-simple"},"_links":{"self":[{"href":"https:\/\/stoic-curie.212-227-153-4.plesk.page\/hr\/wp-json\/wp\/v2\/product\/3689379","targetHints":{"allow":["GET"]}}],"collection":[{"href":"https:\/\/stoic-curie.212-227-153-4.plesk.page\/hr\/wp-json\/wp\/v2\/product"}],"about":[{"href":"https:\/\/stoic-curie.212-227-153-4.plesk.page\/hr\/wp-json\/wp\/v2\/types\/product"}],"replies":[{"embeddable":true,"href":"https:\/\/stoic-curie.212-227-153-4.plesk.page\/hr\/wp-json\/wp\/v2\/comments?post=3689379"}],"version-history":[{"count":0,"href":"https:\/\/stoic-curie.212-227-153-4.plesk.page\/hr\/wp-json\/wp\/v2\/product\/3689379\/revisions"}],"wp:featuredmedia":[{"embeddable":true,"href":"https:\/\/stoic-curie.212-227-153-4.plesk.page\/hr\/wp-json\/wp\/v2\/media\/5941687"}],"wp:attachment":[{"href":"https:\/\/stoic-curie.212-227-153-4.plesk.page\/hr\/wp-json\/wp\/v2\/media?parent=3689379"}],"wp:term":[{"taxonomy":"product_brand","embeddable":true,"href":"https:\/\/stoic-curie.212-227-153-4.plesk.page\/hr\/wp-json\/wp\/v2\/product_brand?post=3689379"},{"taxonomy":"product_cat","embeddable":true,"href":"https:\/\/stoic-curie.212-227-153-4.plesk.page\/hr\/wp-json\/wp\/v2\/product_cat?post=3689379"},{"taxonomy":"product_tag","embeddable":true,"href":"https:\/\/stoic-curie.212-227-153-4.plesk.page\/hr\/wp-json\/wp\/v2\/product_tag?post=3689379"}],"curies":[{"name":"wp","href":"https:\/\/api.w.org\/{rel}","templated":true}]}}