{"id":3689380,"date":"2025-10-13T13:38:03","date_gmt":"2025-10-13T17:38:03","guid":{"rendered":"https:\/\/stoic-curie.212-227-153-4.plesk.page\/product\/kopca-s-jednim-ulazom-od-nehrdajuceg-celika-za-remen-50-mm\/"},"modified":"2026-02-25T00:00:53","modified_gmt":"2026-02-25T00:00:53","slug":"kopca-s-jednim-ulazom-od-nehrdajuceg-celika-za-remen-50-mm","status":"publish","type":"product","link":"https:\/\/stoic-curie.212-227-153-4.plesk.page\/hr\/product\/kopca-s-jednim-ulazom-od-nehrdajuceg-celika-za-remen-50-mm\/","title":{"rendered":"Kop\u010da s jednim ulazom od nehr\u0111aju\u0107eg \u010delika za remen, 50 mm"},"content":{"rendered":"<p>Kop\u010da s jednim ulazom od nehr\u0111aju\u0107eg \u010delika za remen, 50 mm &#8211; <\/p>\n<p>Nehr\u0111aju\u0107a \u010deli\u010dna kop\u010da s jednim ulazom za pojaseve.<\/p>\n","protected":false},"excerpt":{"rendered":"<p>Kop\u010da s jednim ulazom od nehr\u0111aju\u0107eg \u010delika za remen, 50 mm &#8211; Nehr\u0111aju\u0107a \u010deli\u010dna kop\u010da s jednim ulazom za pojaseve.<\/p>\n","protected":false},"featured_media":5941689,"comment_status":"closed","ping_status":"closed","template":"","meta":[],"product_brand":[3121],"product_cat":[1682,1838],"product_tag":[],"class_list":{"0":"post-3689380","1":"product","2":"type-product","3":"status-publish","4":"has-post-thumbnail","6":"product_brand-marinetech-hr","7":"product_cat-palubna-oprema","8":"product_cat-trake-i-remeni-za-pritezanje","10":"first","11":"instock","12":"shipping-taxable","13":"purchasable","14":"product-type-simple"},"_links":{"self":[{"href":"https:\/\/stoic-curie.212-227-153-4.plesk.page\/hr\/wp-json\/wp\/v2\/product\/3689380","targetHints":{"allow":["GET"]}}],"collection":[{"href":"https:\/\/stoic-curie.212-227-153-4.plesk.page\/hr\/wp-json\/wp\/v2\/product"}],"about":[{"href":"https:\/\/stoic-curie.212-227-153-4.plesk.page\/hr\/wp-json\/wp\/v2\/types\/product"}],"replies":[{"embeddable":true,"href":"https:\/\/stoic-curie.212-227-153-4.plesk.page\/hr\/wp-json\/wp\/v2\/comments?post=3689380"}],"version-history":[{"count":0,"href":"https:\/\/stoic-curie.212-227-153-4.plesk.page\/hr\/wp-json\/wp\/v2\/product\/3689380\/revisions"}],"wp:featuredmedia":[{"embeddable":true,"href":"https:\/\/stoic-curie.212-227-153-4.plesk.page\/hr\/wp-json\/wp\/v2\/media\/5941689"}],"wp:attachment":[{"href":"https:\/\/stoic-curie.212-227-153-4.plesk.page\/hr\/wp-json\/wp\/v2\/media?parent=3689380"}],"wp:term":[{"taxonomy":"product_brand","embeddable":true,"href":"https:\/\/stoic-curie.212-227-153-4.plesk.page\/hr\/wp-json\/wp\/v2\/product_brand?post=3689380"},{"taxonomy":"product_cat","embeddable":true,"href":"https:\/\/stoic-curie.212-227-153-4.plesk.page\/hr\/wp-json\/wp\/v2\/product_cat?post=3689380"},{"taxonomy":"product_tag","embeddable":true,"href":"https:\/\/stoic-curie.212-227-153-4.plesk.page\/hr\/wp-json\/wp\/v2\/product_tag?post=3689380"}],"curies":[{"name":"wp","href":"https:\/\/api.w.org\/{rel}","templated":true}]}}