{"id":3689384,"date":"2025-10-13T13:38:04","date_gmt":"2025-10-13T17:38:04","guid":{"rendered":"https:\/\/stoic-curie.212-227-153-4.plesk.page\/product\/sredstvo-za-poliranje-star-brite-500-ml\/"},"modified":"2026-02-25T00:00:53","modified_gmt":"2026-02-25T00:00:53","slug":"sredstvo-za-poliranje-star-brite-500-ml","status":"publish","type":"product","link":"https:\/\/stoic-curie.212-227-153-4.plesk.page\/hr\/product\/sredstvo-za-poliranje-star-brite-500-ml\/","title":{"rendered":"Sredstvo za poliranje Star Brite 500 ml"},"content":{"rendered":"<p>Sredstvo za poliranje Star Brite 500 ml &#8211; <\/p>\n<p>\u2022 Odr\u017eava va\u0161 brod kao nov<br \/>\u2022 Uklanja ogrebotine, vrtlo\u017ene to\u010dke, kredu i oksidaciju, bez potrebnog jakog trljanja<br \/>\u2022 Poma\u017ee u spre\u010davanju izblje\u0111ivanja uzrokovanog UV zra\u010denjem<br \/>\u2022 Traje do 4 puta du\u017ee od drugih poliranja ili voskova<\/p>\n","protected":false},"excerpt":{"rendered":"<p>Sredstvo za poliranje Star Brite 500 ml &#8211; \u2022 Odr\u017eava va\u0161 brod kao nov\u2022 Uklanja ogrebotine, vrtlo\u017ene to\u010dke, kredu i<\/p>\n","protected":false},"featured_media":5941692,"comment_status":"closed","ping_status":"closed","template":"","meta":[],"product_brand":[3436],"product_cat":[1626],"product_tag":[],"class_list":{"0":"post-3689384","1":"product","2":"type-product","3":"status-publish","4":"has-post-thumbnail","6":"product_brand-starbrite-hr","7":"product_cat-proizvodi-za-odrzavanje","9":"first","10":"instock","11":"shipping-taxable","12":"purchasable","13":"product-type-simple"},"_links":{"self":[{"href":"https:\/\/stoic-curie.212-227-153-4.plesk.page\/hr\/wp-json\/wp\/v2\/product\/3689384","targetHints":{"allow":["GET"]}}],"collection":[{"href":"https:\/\/stoic-curie.212-227-153-4.plesk.page\/hr\/wp-json\/wp\/v2\/product"}],"about":[{"href":"https:\/\/stoic-curie.212-227-153-4.plesk.page\/hr\/wp-json\/wp\/v2\/types\/product"}],"replies":[{"embeddable":true,"href":"https:\/\/stoic-curie.212-227-153-4.plesk.page\/hr\/wp-json\/wp\/v2\/comments?post=3689384"}],"version-history":[{"count":0,"href":"https:\/\/stoic-curie.212-227-153-4.plesk.page\/hr\/wp-json\/wp\/v2\/product\/3689384\/revisions"}],"wp:featuredmedia":[{"embeddable":true,"href":"https:\/\/stoic-curie.212-227-153-4.plesk.page\/hr\/wp-json\/wp\/v2\/media\/5941692"}],"wp:attachment":[{"href":"https:\/\/stoic-curie.212-227-153-4.plesk.page\/hr\/wp-json\/wp\/v2\/media?parent=3689384"}],"wp:term":[{"taxonomy":"product_brand","embeddable":true,"href":"https:\/\/stoic-curie.212-227-153-4.plesk.page\/hr\/wp-json\/wp\/v2\/product_brand?post=3689384"},{"taxonomy":"product_cat","embeddable":true,"href":"https:\/\/stoic-curie.212-227-153-4.plesk.page\/hr\/wp-json\/wp\/v2\/product_cat?post=3689384"},{"taxonomy":"product_tag","embeddable":true,"href":"https:\/\/stoic-curie.212-227-153-4.plesk.page\/hr\/wp-json\/wp\/v2\/product_tag?post=3689384"}],"curies":[{"name":"wp","href":"https:\/\/api.w.org\/{rel}","templated":true}]}}