{"id":3689386,"date":"2025-10-13T13:38:05","date_gmt":"2025-10-13T17:38:05","guid":{"rendered":"https:\/\/stoic-curie.212-227-153-4.plesk.page\/product\/celulozna-spuzva-star-brite-200-x-110-x-60mm\/"},"modified":"2026-02-25T00:00:53","modified_gmt":"2026-02-25T00:00:53","slug":"celulozna-spuzva-star-brite-200-x-110-x-60mm","status":"publish","type":"product","link":"https:\/\/stoic-curie.212-227-153-4.plesk.page\/hr\/product\/celulozna-spuzva-star-brite-200-x-110-x-60mm\/","title":{"rendered":"Celulozna spu\u017eva Star brite 200 x 110 x 60mm"},"content":{"rendered":"<p>Celulozna spu\u017eva Star brite 200 x 110 x 60mm &#8211; <\/p>\n<p>\u2022 Velike spu\u017eve s izvanrednom mo\u0107i upijanja, kvalitetom i izdr\u017eljivo\u0161\u0107u <br \/>\u2022 Pogodne za bilo koje pranje <br \/>\u2022 Mogu upiti do 1 litru teku\u0107ine<\/p>\n","protected":false},"excerpt":{"rendered":"<p>Celulozna spu\u017eva Star brite 200 x 110 x 60mm &#8211; \u2022 Velike spu\u017eve s izvanrednom mo\u0107i upijanja, kvalitetom i izdr\u017eljivo\u0161\u0107u<\/p>\n","protected":false},"featured_media":5941696,"comment_status":"closed","ping_status":"closed","template":"","meta":[],"product_brand":[3436],"product_cat":[1633],"product_tag":[],"class_list":{"0":"post-3689386","1":"product","2":"type-product","3":"status-publish","4":"has-post-thumbnail","6":"product_brand-starbrite-hr","7":"product_cat-cetke-za-ciscenje","9":"first","10":"outofstock","11":"shipping-taxable","12":"purchasable","13":"product-type-simple"},"_links":{"self":[{"href":"https:\/\/stoic-curie.212-227-153-4.plesk.page\/hr\/wp-json\/wp\/v2\/product\/3689386","targetHints":{"allow":["GET"]}}],"collection":[{"href":"https:\/\/stoic-curie.212-227-153-4.plesk.page\/hr\/wp-json\/wp\/v2\/product"}],"about":[{"href":"https:\/\/stoic-curie.212-227-153-4.plesk.page\/hr\/wp-json\/wp\/v2\/types\/product"}],"replies":[{"embeddable":true,"href":"https:\/\/stoic-curie.212-227-153-4.plesk.page\/hr\/wp-json\/wp\/v2\/comments?post=3689386"}],"version-history":[{"count":0,"href":"https:\/\/stoic-curie.212-227-153-4.plesk.page\/hr\/wp-json\/wp\/v2\/product\/3689386\/revisions"}],"wp:featuredmedia":[{"embeddable":true,"href":"https:\/\/stoic-curie.212-227-153-4.plesk.page\/hr\/wp-json\/wp\/v2\/media\/5941696"}],"wp:attachment":[{"href":"https:\/\/stoic-curie.212-227-153-4.plesk.page\/hr\/wp-json\/wp\/v2\/media?parent=3689386"}],"wp:term":[{"taxonomy":"product_brand","embeddable":true,"href":"https:\/\/stoic-curie.212-227-153-4.plesk.page\/hr\/wp-json\/wp\/v2\/product_brand?post=3689386"},{"taxonomy":"product_cat","embeddable":true,"href":"https:\/\/stoic-curie.212-227-153-4.plesk.page\/hr\/wp-json\/wp\/v2\/product_cat?post=3689386"},{"taxonomy":"product_tag","embeddable":true,"href":"https:\/\/stoic-curie.212-227-153-4.plesk.page\/hr\/wp-json\/wp\/v2\/product_tag?post=3689386"}],"curies":[{"name":"wp","href":"https:\/\/api.w.org\/{rel}","templated":true}]}}