{"id":3689387,"date":"2025-10-13T13:38:05","date_gmt":"2025-10-13T17:38:05","guid":{"rendered":"https:\/\/stoic-curie.212-227-153-4.plesk.page\/product\/celulozna-spuzva-star-brite-230-x-120-x-40mm\/"},"modified":"2026-02-25T00:00:53","modified_gmt":"2026-02-25T00:00:53","slug":"celulozna-spuzva-star-brite-230-x-120-x-40mm","status":"publish","type":"product","link":"https:\/\/stoic-curie.212-227-153-4.plesk.page\/hr\/product\/celulozna-spuzva-star-brite-230-x-120-x-40mm\/","title":{"rendered":"Celulozna spu\u017eva Star Brite 230 x 120 x 40mm"},"content":{"rendered":"<p>Celulozna spu\u017eva Star Brite 230 x 120 x 40mm &#8211; <\/p>\n<p>\u2022 Velike spu\u017eve s odli\u010dnom upijeno\u0161\u0107u, kvalitetom i trajno\u0161\u0107u<br \/>\u2022 Pogodno za svako pranje<br \/>\u2022 Mogu upiti do 1 litru teku\u0107ine<\/p>\n","protected":false},"excerpt":{"rendered":"<p>Celulozna spu\u017eva Star Brite 230 x 120 x 40mm &#8211; \u2022 Velike spu\u017eve s odli\u010dnom upijeno\u0161\u0107u, kvalitetom i trajno\u0161\u0107u\u2022 Pogodno<\/p>\n","protected":false},"featured_media":5941696,"comment_status":"closed","ping_status":"closed","template":"","meta":[],"product_brand":[3436],"product_cat":[1631,1633],"product_tag":[],"class_list":{"0":"post-3689387","1":"product","2":"type-product","3":"status-publish","4":"has-post-thumbnail","6":"product_brand-starbrite-hr","7":"product_cat-alati-za-ciscenje","8":"product_cat-cetke-za-ciscenje","10":"first","11":"instock","12":"shipping-taxable","13":"purchasable","14":"product-type-simple"},"_links":{"self":[{"href":"https:\/\/stoic-curie.212-227-153-4.plesk.page\/hr\/wp-json\/wp\/v2\/product\/3689387","targetHints":{"allow":["GET"]}}],"collection":[{"href":"https:\/\/stoic-curie.212-227-153-4.plesk.page\/hr\/wp-json\/wp\/v2\/product"}],"about":[{"href":"https:\/\/stoic-curie.212-227-153-4.plesk.page\/hr\/wp-json\/wp\/v2\/types\/product"}],"replies":[{"embeddable":true,"href":"https:\/\/stoic-curie.212-227-153-4.plesk.page\/hr\/wp-json\/wp\/v2\/comments?post=3689387"}],"version-history":[{"count":0,"href":"https:\/\/stoic-curie.212-227-153-4.plesk.page\/hr\/wp-json\/wp\/v2\/product\/3689387\/revisions"}],"wp:featuredmedia":[{"embeddable":true,"href":"https:\/\/stoic-curie.212-227-153-4.plesk.page\/hr\/wp-json\/wp\/v2\/media\/5941696"}],"wp:attachment":[{"href":"https:\/\/stoic-curie.212-227-153-4.plesk.page\/hr\/wp-json\/wp\/v2\/media?parent=3689387"}],"wp:term":[{"taxonomy":"product_brand","embeddable":true,"href":"https:\/\/stoic-curie.212-227-153-4.plesk.page\/hr\/wp-json\/wp\/v2\/product_brand?post=3689387"},{"taxonomy":"product_cat","embeddable":true,"href":"https:\/\/stoic-curie.212-227-153-4.plesk.page\/hr\/wp-json\/wp\/v2\/product_cat?post=3689387"},{"taxonomy":"product_tag","embeddable":true,"href":"https:\/\/stoic-curie.212-227-153-4.plesk.page\/hr\/wp-json\/wp\/v2\/product_tag?post=3689387"}],"curies":[{"name":"wp","href":"https:\/\/api.w.org\/{rel}","templated":true}]}}