{"id":3689407,"date":"2025-10-13T13:38:11","date_gmt":"2025-10-13T17:38:11","guid":{"rendered":"https:\/\/stoic-curie.212-227-153-4.plesk.page\/product\/kit-za-ciscenje-rostilja-star-brite\/"},"modified":"2026-02-25T00:00:53","modified_gmt":"2026-02-25T00:00:53","slug":"kit-za-ciscenje-rostilja-star-brite","status":"publish","type":"product","link":"https:\/\/stoic-curie.212-227-153-4.plesk.page\/hr\/product\/kit-za-ciscenje-rostilja-star-brite\/","title":{"rendered":"Kit za \u010di\u0161cenje ro\u0161tilja Star Brite"},"content":{"rendered":"<p>Kit za \u010di\u0161cenje ro\u0161tilja Star Brite &#8211; <\/p>\n<p>Potpuni set za \u010di\u0161\u0107enje ro\u0161tilja i ro\u0161tiljanja sa sredstvom za pranje, polirkom za nehr\u0111aju\u0107i \u010delik, \u010detkom s mesinganom vlaknima, krpom za poliranje i za\u0161titnim rukavicama.<\/p>\n","protected":false},"excerpt":{"rendered":"<p>Kit za \u010di\u0161cenje ro\u0161tilja Star Brite &#8211; Potpuni set za \u010di\u0161\u0107enje ro\u0161tilja i ro\u0161tiljanja sa sredstvom za pranje, polirkom za<\/p>\n","protected":false},"featured_media":5941761,"comment_status":"closed","ping_status":"closed","template":"","meta":[],"product_brand":[3436],"product_cat":[1628],"product_tag":[],"class_list":{"0":"post-3689407","1":"product","2":"type-product","3":"status-publish","4":"has-post-thumbnail","6":"product_brand-starbrite-hr","7":"product_cat-proizvodi-za-ciscenje","9":"first","10":"instock","11":"shipping-taxable","12":"purchasable","13":"product-type-simple"},"_links":{"self":[{"href":"https:\/\/stoic-curie.212-227-153-4.plesk.page\/hr\/wp-json\/wp\/v2\/product\/3689407","targetHints":{"allow":["GET"]}}],"collection":[{"href":"https:\/\/stoic-curie.212-227-153-4.plesk.page\/hr\/wp-json\/wp\/v2\/product"}],"about":[{"href":"https:\/\/stoic-curie.212-227-153-4.plesk.page\/hr\/wp-json\/wp\/v2\/types\/product"}],"replies":[{"embeddable":true,"href":"https:\/\/stoic-curie.212-227-153-4.plesk.page\/hr\/wp-json\/wp\/v2\/comments?post=3689407"}],"version-history":[{"count":0,"href":"https:\/\/stoic-curie.212-227-153-4.plesk.page\/hr\/wp-json\/wp\/v2\/product\/3689407\/revisions"}],"wp:featuredmedia":[{"embeddable":true,"href":"https:\/\/stoic-curie.212-227-153-4.plesk.page\/hr\/wp-json\/wp\/v2\/media\/5941761"}],"wp:attachment":[{"href":"https:\/\/stoic-curie.212-227-153-4.plesk.page\/hr\/wp-json\/wp\/v2\/media?parent=3689407"}],"wp:term":[{"taxonomy":"product_brand","embeddable":true,"href":"https:\/\/stoic-curie.212-227-153-4.plesk.page\/hr\/wp-json\/wp\/v2\/product_brand?post=3689407"},{"taxonomy":"product_cat","embeddable":true,"href":"https:\/\/stoic-curie.212-227-153-4.plesk.page\/hr\/wp-json\/wp\/v2\/product_cat?post=3689407"},{"taxonomy":"product_tag","embeddable":true,"href":"https:\/\/stoic-curie.212-227-153-4.plesk.page\/hr\/wp-json\/wp\/v2\/product_tag?post=3689407"}],"curies":[{"name":"wp","href":"https:\/\/api.w.org\/{rel}","templated":true}]}}