{"id":3689408,"date":"2025-10-13T13:38:11","date_gmt":"2025-10-13T17:38:11","guid":{"rendered":"https:\/\/stoic-curie.212-227-153-4.plesk.page\/product\/dopuna-za-odvlazivac-340g\/"},"modified":"2026-02-25T00:00:53","modified_gmt":"2026-02-25T00:00:53","slug":"dopuna-za-odvlazivac-340g","status":"publish","type":"product","link":"https:\/\/stoic-curie.212-227-153-4.plesk.page\/hr\/product\/dopuna-za-odvlazivac-340g\/","title":{"rendered":"Dopuna za odvla\u017eiva\u010d, 340g"},"content":{"rendered":"<p>Dopuna za odvla\u017eiva\u010d, 340g &#8211; <\/p>\n<p>\u2022 Su\u0161i zrak na razinu koja spre\u010dava miris plijesni<br \/>\u2022 Dizajn ko\u0161are pove\u0107ava u\u010dinkovitost i trajnost ure\u0111aja<br \/>\u2022 Specijalna formula granulata apsorbira maksimalnu vla\u017enost u zraku<br \/>\u2022 340 grama odvla\u017eiva\u010da obra\u0111uje 25 m\u00b3<\/p>\n","protected":false},"excerpt":{"rendered":"<p>Dopuna za odvla\u017eiva\u010d, 340g &#8211; \u2022 Su\u0161i zrak na razinu koja spre\u010dava miris plijesni\u2022 Dizajn ko\u0161are pove\u0107ava u\u010dinkovitost i trajnost<\/p>\n","protected":false},"featured_media":5941765,"comment_status":"closed","ping_status":"closed","template":"","meta":[],"product_brand":[3436],"product_cat":[1626],"product_tag":[],"class_list":{"0":"post-3689408","1":"product","2":"type-product","3":"status-publish","4":"has-post-thumbnail","6":"product_brand-starbrite-hr","7":"product_cat-proizvodi-za-odrzavanje","9":"first","10":"instock","11":"shipping-taxable","12":"purchasable","13":"product-type-simple"},"_links":{"self":[{"href":"https:\/\/stoic-curie.212-227-153-4.plesk.page\/hr\/wp-json\/wp\/v2\/product\/3689408","targetHints":{"allow":["GET"]}}],"collection":[{"href":"https:\/\/stoic-curie.212-227-153-4.plesk.page\/hr\/wp-json\/wp\/v2\/product"}],"about":[{"href":"https:\/\/stoic-curie.212-227-153-4.plesk.page\/hr\/wp-json\/wp\/v2\/types\/product"}],"replies":[{"embeddable":true,"href":"https:\/\/stoic-curie.212-227-153-4.plesk.page\/hr\/wp-json\/wp\/v2\/comments?post=3689408"}],"version-history":[{"count":0,"href":"https:\/\/stoic-curie.212-227-153-4.plesk.page\/hr\/wp-json\/wp\/v2\/product\/3689408\/revisions"}],"wp:featuredmedia":[{"embeddable":true,"href":"https:\/\/stoic-curie.212-227-153-4.plesk.page\/hr\/wp-json\/wp\/v2\/media\/5941765"}],"wp:attachment":[{"href":"https:\/\/stoic-curie.212-227-153-4.plesk.page\/hr\/wp-json\/wp\/v2\/media?parent=3689408"}],"wp:term":[{"taxonomy":"product_brand","embeddable":true,"href":"https:\/\/stoic-curie.212-227-153-4.plesk.page\/hr\/wp-json\/wp\/v2\/product_brand?post=3689408"},{"taxonomy":"product_cat","embeddable":true,"href":"https:\/\/stoic-curie.212-227-153-4.plesk.page\/hr\/wp-json\/wp\/v2\/product_cat?post=3689408"},{"taxonomy":"product_tag","embeddable":true,"href":"https:\/\/stoic-curie.212-227-153-4.plesk.page\/hr\/wp-json\/wp\/v2\/product_tag?post=3689408"}],"curies":[{"name":"wp","href":"https:\/\/api.w.org\/{rel}","templated":true}]}}