{"id":3689411,"date":"2025-10-13T13:38:12","date_gmt":"2025-10-13T17:38:12","guid":{"rendered":"https:\/\/stoic-curie.212-227-153-4.plesk.page\/product\/carobna-spuzva-za-brisanje-star-brite\/"},"modified":"2026-02-25T00:00:53","modified_gmt":"2026-02-25T00:00:53","slug":"carobna-spuzva-za-brisanje-star-brite","status":"publish","type":"product","link":"https:\/\/stoic-curie.212-227-153-4.plesk.page\/hr\/product\/carobna-spuzva-za-brisanje-star-brite\/","title":{"rendered":"\u010carobna spu\u017eva za brisanje Star Brite"},"content":{"rendered":"<p>\u010carobna spu\u017eva za brisanje Star Brite &#8211; <\/p>\n<p>Spu\u017eva s nano abrazivnim elementima koja omogu\u0107uje brisanje mrlja, tragova i ogrebotina s vinilnih i stakloplasti\u010dnih povr\u0161ina, kao i s paluba i stranica brodova. Meka je, ne o\u0161te\u0107uje povr\u0161inu i ne zahtijeva kemikalije za djelovanje.<\/p>\n","protected":false},"excerpt":{"rendered":"<p>\u010carobna spu\u017eva za brisanje Star Brite &#8211; Spu\u017eva s nano abrazivnim elementima koja omogu\u0107uje brisanje mrlja, tragova i ogrebotina s<\/p>\n","protected":false},"featured_media":5941773,"comment_status":"closed","ping_status":"closed","template":"","meta":[],"product_brand":[3436],"product_cat":[1631,1633],"product_tag":[],"class_list":{"0":"post-3689411","1":"product","2":"type-product","3":"status-publish","4":"has-post-thumbnail","6":"product_brand-starbrite-hr","7":"product_cat-alati-za-ciscenje","8":"product_cat-cetke-za-ciscenje","10":"first","11":"instock","12":"shipping-taxable","13":"purchasable","14":"product-type-simple"},"_links":{"self":[{"href":"https:\/\/stoic-curie.212-227-153-4.plesk.page\/hr\/wp-json\/wp\/v2\/product\/3689411","targetHints":{"allow":["GET"]}}],"collection":[{"href":"https:\/\/stoic-curie.212-227-153-4.plesk.page\/hr\/wp-json\/wp\/v2\/product"}],"about":[{"href":"https:\/\/stoic-curie.212-227-153-4.plesk.page\/hr\/wp-json\/wp\/v2\/types\/product"}],"replies":[{"embeddable":true,"href":"https:\/\/stoic-curie.212-227-153-4.plesk.page\/hr\/wp-json\/wp\/v2\/comments?post=3689411"}],"version-history":[{"count":0,"href":"https:\/\/stoic-curie.212-227-153-4.plesk.page\/hr\/wp-json\/wp\/v2\/product\/3689411\/revisions"}],"wp:featuredmedia":[{"embeddable":true,"href":"https:\/\/stoic-curie.212-227-153-4.plesk.page\/hr\/wp-json\/wp\/v2\/media\/5941773"}],"wp:attachment":[{"href":"https:\/\/stoic-curie.212-227-153-4.plesk.page\/hr\/wp-json\/wp\/v2\/media?parent=3689411"}],"wp:term":[{"taxonomy":"product_brand","embeddable":true,"href":"https:\/\/stoic-curie.212-227-153-4.plesk.page\/hr\/wp-json\/wp\/v2\/product_brand?post=3689411"},{"taxonomy":"product_cat","embeddable":true,"href":"https:\/\/stoic-curie.212-227-153-4.plesk.page\/hr\/wp-json\/wp\/v2\/product_cat?post=3689411"},{"taxonomy":"product_tag","embeddable":true,"href":"https:\/\/stoic-curie.212-227-153-4.plesk.page\/hr\/wp-json\/wp\/v2\/product_tag?post=3689411"}],"curies":[{"name":"wp","href":"https:\/\/api.w.org\/{rel}","templated":true}]}}