{"id":3689415,"date":"2025-10-13T13:38:13","date_gmt":"2025-10-13T17:38:13","guid":{"rendered":"https:\/\/stoic-curie.212-227-153-4.plesk.page\/product\/cistac-i-osvjetljivac-stakloplastike-w-w-5lt\/"},"modified":"2026-02-25T00:00:53","modified_gmt":"2026-02-25T00:00:53","slug":"cistac-i-osvjetljivac-stakloplastike-w-w-5lt","status":"publish","type":"product","link":"https:\/\/stoic-curie.212-227-153-4.plesk.page\/hr\/product\/cistac-i-osvjetljivac-stakloplastike-w-w-5lt\/","title":{"rendered":"\u010cistac i osvjetljiva\u010d stakloplastike W &#038; W, 5LT"},"content":{"rendered":"<p>\u010cistac i osvjetljiva\u010d stakloplastike W &#038; W, 5LT  &#8211; <\/p>\n<p>\u0160ampon za \u010damce sa specijalnim voskovima koji \u010disti te istovremeno pru\u017ea za\u0161titu i sjaj. Pogodna za stakloplastiku, ofarbane dijelove i metale.<\/p>\n","protected":false},"excerpt":{"rendered":"<p>\u010cistac i osvjetljiva\u010d stakloplastike W &#038; W, 5LT &#8211; \u0160ampon za \u010damce sa specijalnim voskovima koji \u010disti te istovremeno pru\u017ea<\/p>\n","protected":false},"featured_media":5941811,"comment_status":"closed","ping_status":"closed","template":"","meta":[],"product_brand":[3236],"product_cat":[1628],"product_tag":[],"class_list":{"0":"post-3689415","1":"product","2":"type-product","3":"status-publish","4":"has-post-thumbnail","6":"product_brand-osculati-hr","7":"product_cat-proizvodi-za-ciscenje","9":"first","10":"instock","11":"shipping-taxable","12":"purchasable","13":"product-type-simple"},"_links":{"self":[{"href":"https:\/\/stoic-curie.212-227-153-4.plesk.page\/hr\/wp-json\/wp\/v2\/product\/3689415","targetHints":{"allow":["GET"]}}],"collection":[{"href":"https:\/\/stoic-curie.212-227-153-4.plesk.page\/hr\/wp-json\/wp\/v2\/product"}],"about":[{"href":"https:\/\/stoic-curie.212-227-153-4.plesk.page\/hr\/wp-json\/wp\/v2\/types\/product"}],"replies":[{"embeddable":true,"href":"https:\/\/stoic-curie.212-227-153-4.plesk.page\/hr\/wp-json\/wp\/v2\/comments?post=3689415"}],"version-history":[{"count":0,"href":"https:\/\/stoic-curie.212-227-153-4.plesk.page\/hr\/wp-json\/wp\/v2\/product\/3689415\/revisions"}],"wp:featuredmedia":[{"embeddable":true,"href":"https:\/\/stoic-curie.212-227-153-4.plesk.page\/hr\/wp-json\/wp\/v2\/media\/5941811"}],"wp:attachment":[{"href":"https:\/\/stoic-curie.212-227-153-4.plesk.page\/hr\/wp-json\/wp\/v2\/media?parent=3689415"}],"wp:term":[{"taxonomy":"product_brand","embeddable":true,"href":"https:\/\/stoic-curie.212-227-153-4.plesk.page\/hr\/wp-json\/wp\/v2\/product_brand?post=3689415"},{"taxonomy":"product_cat","embeddable":true,"href":"https:\/\/stoic-curie.212-227-153-4.plesk.page\/hr\/wp-json\/wp\/v2\/product_cat?post=3689415"},{"taxonomy":"product_tag","embeddable":true,"href":"https:\/\/stoic-curie.212-227-153-4.plesk.page\/hr\/wp-json\/wp\/v2\/product_tag?post=3689415"}],"curies":[{"name":"wp","href":"https:\/\/api.w.org\/{rel}","templated":true}]}}