{"id":3689418,"date":"2025-10-13T13:38:14","date_gmt":"2025-10-13T17:38:14","guid":{"rendered":"https:\/\/stoic-curie.212-227-153-4.plesk.page\/product\/iosso-sredstvo-za-ciscenje-kaljuze-4-lt\/"},"modified":"2026-02-25T00:00:53","modified_gmt":"2026-02-25T00:00:53","slug":"iosso-sredstvo-za-ciscenje-kaljuze-4-lt","status":"publish","type":"product","link":"https:\/\/stoic-curie.212-227-153-4.plesk.page\/hr\/product\/iosso-sredstvo-za-ciscenje-kaljuze-4-lt\/","title":{"rendered":"Iosso sredstvo za ci\u0161cenje kalju\u017ee, 4 lt"},"content":{"rendered":"<p>Iosso sredstvo za ci\u0161cenje kalju\u017ee, 4 lt &#8211; <\/p>\n<p>Profesionalno sredstvo za \u010di\u0161\u0107enje brodskih ba\u010dava s emulzijskom akcijom koje tako\u0111er djeluje u slanoj vodi. Formulirano za napad i otapanje prljav\u0161tine u ba\u010dvama, posebno sna\u017eno protiv masti i masnih ostataka.<\/p>\n","protected":false},"excerpt":{"rendered":"<p>Iosso sredstvo za ci\u0161cenje kalju\u017ee, 4 lt &#8211; Profesionalno sredstvo za \u010di\u0161\u0107enje brodskih ba\u010dava s emulzijskom akcijom koje tako\u0111er djeluje<\/p>\n","protected":false},"featured_media":5941815,"comment_status":"closed","ping_status":"closed","template":"","meta":[],"product_brand":[3021],"product_cat":[1628],"product_tag":[],"class_list":{"0":"post-3689418","1":"product","2":"type-product","3":"status-publish","4":"has-post-thumbnail","6":"product_brand-iosso-hr","7":"product_cat-proizvodi-za-ciscenje","9":"first","10":"instock","11":"shipping-taxable","12":"purchasable","13":"product-type-simple"},"_links":{"self":[{"href":"https:\/\/stoic-curie.212-227-153-4.plesk.page\/hr\/wp-json\/wp\/v2\/product\/3689418","targetHints":{"allow":["GET"]}}],"collection":[{"href":"https:\/\/stoic-curie.212-227-153-4.plesk.page\/hr\/wp-json\/wp\/v2\/product"}],"about":[{"href":"https:\/\/stoic-curie.212-227-153-4.plesk.page\/hr\/wp-json\/wp\/v2\/types\/product"}],"replies":[{"embeddable":true,"href":"https:\/\/stoic-curie.212-227-153-4.plesk.page\/hr\/wp-json\/wp\/v2\/comments?post=3689418"}],"version-history":[{"count":0,"href":"https:\/\/stoic-curie.212-227-153-4.plesk.page\/hr\/wp-json\/wp\/v2\/product\/3689418\/revisions"}],"wp:featuredmedia":[{"embeddable":true,"href":"https:\/\/stoic-curie.212-227-153-4.plesk.page\/hr\/wp-json\/wp\/v2\/media\/5941815"}],"wp:attachment":[{"href":"https:\/\/stoic-curie.212-227-153-4.plesk.page\/hr\/wp-json\/wp\/v2\/media?parent=3689418"}],"wp:term":[{"taxonomy":"product_brand","embeddable":true,"href":"https:\/\/stoic-curie.212-227-153-4.plesk.page\/hr\/wp-json\/wp\/v2\/product_brand?post=3689418"},{"taxonomy":"product_cat","embeddable":true,"href":"https:\/\/stoic-curie.212-227-153-4.plesk.page\/hr\/wp-json\/wp\/v2\/product_cat?post=3689418"},{"taxonomy":"product_tag","embeddable":true,"href":"https:\/\/stoic-curie.212-227-153-4.plesk.page\/hr\/wp-json\/wp\/v2\/product_tag?post=3689418"}],"curies":[{"name":"wp","href":"https:\/\/api.w.org\/{rel}","templated":true}]}}