{"id":3689420,"date":"2025-10-13T13:38:14","date_gmt":"2025-10-13T17:38:14","guid":{"rendered":"https:\/\/stoic-curie.212-227-153-4.plesk.page\/product\/attwood-kaljuzna-pumpa-tsunami-t500-12v\/"},"modified":"2026-02-25T00:00:53","modified_gmt":"2026-02-25T00:00:53","slug":"attwood-kaljuzna-pumpa-tsunami-t500-12v","status":"publish","type":"product","link":"https:\/\/stoic-curie.212-227-153-4.plesk.page\/hr\/product\/attwood-kaljuzna-pumpa-tsunami-t500-12v\/","title":{"rendered":"Attwood kalju\u017ena pumpa Tsunami T500 12v"},"content":{"rendered":"<p>Attwood kalju\u017ena pumpa Tsunami T500 12v &#8211; <\/p>\n<p>Attwood Tsunami MK2 potopna pumpa za vodu s odvojivom bazom i glavom za lako \u010di\u0161\u0107enje. Zape\u010da\u0107eni motor za\u0161ti\u0107en od o\u0161te\u0107enja elektrolizom s X-Air propelerom koji sprje\u010dava suho rad i ulazak zraka u ispu\u0161ne cijevi.<\/p>\n<p> 1&#8243;3\/8 (35 mm) navojni priklju\u010dci moraju biti dovr\u0161eni ravnim ili zakrivljenim podesivim priklju\u010dcima s povratnim ventilom.<\/p>\n","protected":false},"excerpt":{"rendered":"<p>Attwood kalju\u017ena pumpa Tsunami T500 12v &#8211; Attwood Tsunami MK2 potopna pumpa za vodu s odvojivom bazom i glavom za<\/p>\n","protected":false},"featured_media":5941822,"comment_status":"closed","ping_status":"closed","template":"","meta":[],"product_brand":[2806],"product_cat":[1659],"product_tag":[],"class_list":{"0":"post-3689420","1":"product","2":"type-product","3":"status-publish","4":"has-post-thumbnail","6":"product_brand-attwood-hr","7":"product_cat-elektricne-kaljuzne-pumpe","9":"first","10":"instock","11":"shipping-taxable","12":"purchasable","13":"product-type-simple"},"_links":{"self":[{"href":"https:\/\/stoic-curie.212-227-153-4.plesk.page\/hr\/wp-json\/wp\/v2\/product\/3689420","targetHints":{"allow":["GET"]}}],"collection":[{"href":"https:\/\/stoic-curie.212-227-153-4.plesk.page\/hr\/wp-json\/wp\/v2\/product"}],"about":[{"href":"https:\/\/stoic-curie.212-227-153-4.plesk.page\/hr\/wp-json\/wp\/v2\/types\/product"}],"replies":[{"embeddable":true,"href":"https:\/\/stoic-curie.212-227-153-4.plesk.page\/hr\/wp-json\/wp\/v2\/comments?post=3689420"}],"version-history":[{"count":0,"href":"https:\/\/stoic-curie.212-227-153-4.plesk.page\/hr\/wp-json\/wp\/v2\/product\/3689420\/revisions"}],"wp:featuredmedia":[{"embeddable":true,"href":"https:\/\/stoic-curie.212-227-153-4.plesk.page\/hr\/wp-json\/wp\/v2\/media\/5941822"}],"wp:attachment":[{"href":"https:\/\/stoic-curie.212-227-153-4.plesk.page\/hr\/wp-json\/wp\/v2\/media?parent=3689420"}],"wp:term":[{"taxonomy":"product_brand","embeddable":true,"href":"https:\/\/stoic-curie.212-227-153-4.plesk.page\/hr\/wp-json\/wp\/v2\/product_brand?post=3689420"},{"taxonomy":"product_cat","embeddable":true,"href":"https:\/\/stoic-curie.212-227-153-4.plesk.page\/hr\/wp-json\/wp\/v2\/product_cat?post=3689420"},{"taxonomy":"product_tag","embeddable":true,"href":"https:\/\/stoic-curie.212-227-153-4.plesk.page\/hr\/wp-json\/wp\/v2\/product_tag?post=3689420"}],"curies":[{"name":"wp","href":"https:\/\/api.w.org\/{rel}","templated":true}]}}