{"id":3689421,"date":"2025-10-13T13:38:15","date_gmt":"2025-10-13T17:38:15","guid":{"rendered":"https:\/\/stoic-curie.212-227-153-4.plesk.page\/product\/elektronicki-kaljuzni-prekidac-attwood-s3-12v-15amp\/"},"modified":"2026-02-25T00:00:53","modified_gmt":"2026-02-25T00:00:53","slug":"elektronicki-kaljuzni-prekidac-attwood-s3-12v-15amp","status":"publish","type":"product","link":"https:\/\/stoic-curie.212-227-153-4.plesk.page\/hr\/product\/elektronicki-kaljuzni-prekidac-attwood-s3-12v-15amp\/","title":{"rendered":"Elektronicki kalju\u017eni prekidac Attwood s3 12v 15amp"},"content":{"rendered":"<p>Elektronicki kalju\u017eni prekidac Attwood s3 12v 15amp &#8211; <\/p>\n<p>Elektri\u010dni prekida\u010d koji detektira svaku vrstu teku\u0107ine u brodskoj jami. Sprje\u010dava neprekidno cikliranje pumpe jer prepoznaje la\u017ene startove zbog prskanja vode ili prljav\u0161tine. Izvrsna dugotrajnost s 5 GODINA JAMSTVA jer je izra\u0111ena bez pokretnih mehani\u010dkih dijelova.<\/p>\n","protected":false},"excerpt":{"rendered":"<p>Elektronicki kalju\u017eni prekidac Attwood s3 12v 15amp &#8211; Elektri\u010dni prekida\u010d koji detektira svaku vrstu teku\u0107ine u brodskoj jami. Sprje\u010dava neprekidno<\/p>\n","protected":false},"featured_media":5941829,"comment_status":"closed","ping_status":"closed","template":"","meta":[],"product_brand":[2806],"product_cat":[1659],"product_tag":[],"class_list":{"0":"post-3689421","1":"product","2":"type-product","3":"status-publish","4":"has-post-thumbnail","6":"product_brand-attwood-hr","7":"product_cat-elektricne-kaljuzne-pumpe","9":"first","10":"instock","11":"shipping-taxable","12":"purchasable","13":"product-type-simple"},"_links":{"self":[{"href":"https:\/\/stoic-curie.212-227-153-4.plesk.page\/hr\/wp-json\/wp\/v2\/product\/3689421","targetHints":{"allow":["GET"]}}],"collection":[{"href":"https:\/\/stoic-curie.212-227-153-4.plesk.page\/hr\/wp-json\/wp\/v2\/product"}],"about":[{"href":"https:\/\/stoic-curie.212-227-153-4.plesk.page\/hr\/wp-json\/wp\/v2\/types\/product"}],"replies":[{"embeddable":true,"href":"https:\/\/stoic-curie.212-227-153-4.plesk.page\/hr\/wp-json\/wp\/v2\/comments?post=3689421"}],"version-history":[{"count":0,"href":"https:\/\/stoic-curie.212-227-153-4.plesk.page\/hr\/wp-json\/wp\/v2\/product\/3689421\/revisions"}],"wp:featuredmedia":[{"embeddable":true,"href":"https:\/\/stoic-curie.212-227-153-4.plesk.page\/hr\/wp-json\/wp\/v2\/media\/5941829"}],"wp:attachment":[{"href":"https:\/\/stoic-curie.212-227-153-4.plesk.page\/hr\/wp-json\/wp\/v2\/media?parent=3689421"}],"wp:term":[{"taxonomy":"product_brand","embeddable":true,"href":"https:\/\/stoic-curie.212-227-153-4.plesk.page\/hr\/wp-json\/wp\/v2\/product_brand?post=3689421"},{"taxonomy":"product_cat","embeddable":true,"href":"https:\/\/stoic-curie.212-227-153-4.plesk.page\/hr\/wp-json\/wp\/v2\/product_cat?post=3689421"},{"taxonomy":"product_tag","embeddable":true,"href":"https:\/\/stoic-curie.212-227-153-4.plesk.page\/hr\/wp-json\/wp\/v2\/product_tag?post=3689421"}],"curies":[{"name":"wp","href":"https:\/\/api.w.org\/{rel}","templated":true}]}}