{"id":3689422,"date":"2025-10-13T13:38:15","date_gmt":"2025-10-13T17:38:15","guid":{"rendered":"https:\/\/stoic-curie.212-227-153-4.plesk.page\/product\/solarno-led-svjetlo-za-dok\/"},"modified":"2026-02-25T00:00:53","modified_gmt":"2026-02-25T00:00:53","slug":"solarno-led-svjetlo-za-dok","status":"publish","type":"product","link":"https:\/\/stoic-curie.212-227-153-4.plesk.page\/hr\/product\/solarno-led-svjetlo-za-dok\/","title":{"rendered":"Solarno LED svjetlo za dok"},"content":{"rendered":"<p>Solarno LED svjetlo za dok &#8211; <\/p>\n<p>Polo\u017eena i ljubazna vodonepropusna solarna LED svjetla za dokove, privezi\u0161ta i vo\u0111ene staze. Automatski se uklju\u010duje no\u0107u. Kondenzator pohranjuje solarnu energiju i puni unutarnju bateriju. Oja\u010dano plasti\u010dno ku\u0107i\u0161te s elektronikom uronjenom u antishock gel, mo\u017ee se zakora\u010diti \u010dak i te\u017eim vozilima.<\/p>\n","protected":false},"excerpt":{"rendered":"<p>Solarno LED svjetlo za dok &#8211; Polo\u017eena i ljubazna vodonepropusna solarna LED svjetla za dokove, privezi\u0161ta i vo\u0111ene staze. Automatski<\/p>\n","protected":false},"featured_media":5941832,"comment_status":"closed","ping_status":"closed","template":"","meta":[],"product_brand":[3221],"product_cat":[1730,1739],"product_tag":[],"class_list":{"0":"post-3689422","1":"product","2":"type-product","3":"status-publish","4":"has-post-thumbnail","6":"product_brand-oceanled-hr","7":"product_cat-dekorativna-rasvjeta","8":"product_cat-rasvjeta","10":"first","11":"instock","12":"shipping-taxable","13":"purchasable","14":"product-type-simple"},"_links":{"self":[{"href":"https:\/\/stoic-curie.212-227-153-4.plesk.page\/hr\/wp-json\/wp\/v2\/product\/3689422","targetHints":{"allow":["GET"]}}],"collection":[{"href":"https:\/\/stoic-curie.212-227-153-4.plesk.page\/hr\/wp-json\/wp\/v2\/product"}],"about":[{"href":"https:\/\/stoic-curie.212-227-153-4.plesk.page\/hr\/wp-json\/wp\/v2\/types\/product"}],"replies":[{"embeddable":true,"href":"https:\/\/stoic-curie.212-227-153-4.plesk.page\/hr\/wp-json\/wp\/v2\/comments?post=3689422"}],"version-history":[{"count":0,"href":"https:\/\/stoic-curie.212-227-153-4.plesk.page\/hr\/wp-json\/wp\/v2\/product\/3689422\/revisions"}],"wp:featuredmedia":[{"embeddable":true,"href":"https:\/\/stoic-curie.212-227-153-4.plesk.page\/hr\/wp-json\/wp\/v2\/media\/5941832"}],"wp:attachment":[{"href":"https:\/\/stoic-curie.212-227-153-4.plesk.page\/hr\/wp-json\/wp\/v2\/media?parent=3689422"}],"wp:term":[{"taxonomy":"product_brand","embeddable":true,"href":"https:\/\/stoic-curie.212-227-153-4.plesk.page\/hr\/wp-json\/wp\/v2\/product_brand?post=3689422"},{"taxonomy":"product_cat","embeddable":true,"href":"https:\/\/stoic-curie.212-227-153-4.plesk.page\/hr\/wp-json\/wp\/v2\/product_cat?post=3689422"},{"taxonomy":"product_tag","embeddable":true,"href":"https:\/\/stoic-curie.212-227-153-4.plesk.page\/hr\/wp-json\/wp\/v2\/product_tag?post=3689422"}],"curies":[{"name":"wp","href":"https:\/\/api.w.org\/{rel}","templated":true}]}}