{"id":3689424,"date":"2025-10-13T13:38:16","date_gmt":"2025-10-13T17:38:16","guid":{"rendered":"https:\/\/stoic-curie.212-227-153-4.plesk.page\/product\/svjetlo-led-od-nehrdajuceg-celika-niskog-profila-110mm\/"},"modified":"2026-02-25T00:00:53","modified_gmt":"2026-02-25T00:00:53","slug":"svjetlo-led-od-nehrdajuceg-celika-niskog-profila-110mm","status":"publish","type":"product","link":"https:\/\/stoic-curie.212-227-153-4.plesk.page\/hr\/product\/svjetlo-led-od-nehrdajuceg-celika-niskog-profila-110mm\/","title":{"rendered":"Svjetlo LED od nehr\u0111aju\u0107eg \u010delika niskog profila 110mm"},"content":{"rendered":"<p>Svjetlo LED od nehr\u0111aju\u0107eg \u010delika niskog profila 110mm &#8211; <\/p>\n<p>LED kupolne svjetiljke od nehr\u0111aju\u0107eg \u010delika s niskim profilom 12V. Smanjena potro\u0161nja i dug \u017eivotni vijek. Topla bijela svjetlost od 3000 K\u00b0.<\/p>\n","protected":false},"excerpt":{"rendered":"<p>Svjetlo LED od nehr\u0111aju\u0107eg \u010delika niskog profila 110mm &#8211; LED kupolne svjetiljke od nehr\u0111aju\u0107eg \u010delika s niskim profilom 12V. Smanjena<\/p>\n","protected":false},"featured_media":5941834,"comment_status":"closed","ping_status":"closed","template":"","meta":[],"product_brand":[3221],"product_cat":[1739],"product_tag":[],"class_list":{"0":"post-3689424","1":"product","2":"type-product","3":"status-publish","4":"has-post-thumbnail","6":"product_brand-oceanled-hr","7":"product_cat-rasvjeta","9":"first","10":"instock","11":"shipping-taxable","12":"purchasable","13":"product-type-simple"},"_links":{"self":[{"href":"https:\/\/stoic-curie.212-227-153-4.plesk.page\/hr\/wp-json\/wp\/v2\/product\/3689424","targetHints":{"allow":["GET"]}}],"collection":[{"href":"https:\/\/stoic-curie.212-227-153-4.plesk.page\/hr\/wp-json\/wp\/v2\/product"}],"about":[{"href":"https:\/\/stoic-curie.212-227-153-4.plesk.page\/hr\/wp-json\/wp\/v2\/types\/product"}],"replies":[{"embeddable":true,"href":"https:\/\/stoic-curie.212-227-153-4.plesk.page\/hr\/wp-json\/wp\/v2\/comments?post=3689424"}],"version-history":[{"count":0,"href":"https:\/\/stoic-curie.212-227-153-4.plesk.page\/hr\/wp-json\/wp\/v2\/product\/3689424\/revisions"}],"wp:featuredmedia":[{"embeddable":true,"href":"https:\/\/stoic-curie.212-227-153-4.plesk.page\/hr\/wp-json\/wp\/v2\/media\/5941834"}],"wp:attachment":[{"href":"https:\/\/stoic-curie.212-227-153-4.plesk.page\/hr\/wp-json\/wp\/v2\/media?parent=3689424"}],"wp:term":[{"taxonomy":"product_brand","embeddable":true,"href":"https:\/\/stoic-curie.212-227-153-4.plesk.page\/hr\/wp-json\/wp\/v2\/product_brand?post=3689424"},{"taxonomy":"product_cat","embeddable":true,"href":"https:\/\/stoic-curie.212-227-153-4.plesk.page\/hr\/wp-json\/wp\/v2\/product_cat?post=3689424"},{"taxonomy":"product_tag","embeddable":true,"href":"https:\/\/stoic-curie.212-227-153-4.plesk.page\/hr\/wp-json\/wp\/v2\/product_tag?post=3689424"}],"curies":[{"name":"wp","href":"https:\/\/api.w.org\/{rel}","templated":true}]}}