{"id":3689427,"date":"2025-10-13T13:38:16","date_gmt":"2025-10-13T17:38:16","guid":{"rendered":"https:\/\/stoic-curie.212-227-153-4.plesk.page\/product\/automatska-upravljacka-ploca-kaljuzne-pumpe-12v\/"},"modified":"2026-02-25T00:00:53","modified_gmt":"2026-02-25T00:00:53","slug":"automatska-upravljacka-ploca-kaljuzne-pumpe-12v","status":"publish","type":"product","link":"https:\/\/stoic-curie.212-227-153-4.plesk.page\/hr\/product\/automatska-upravljacka-ploca-kaljuzne-pumpe-12v\/","title":{"rendered":"Automatska upravljacka ploca kalju\u017ene pumpe 12V"},"content":{"rendered":"<p>Automatska upravljacka ploca kalju\u017ene pumpe 12V &#8211; <\/p>\n<p>Osvijetljen prekida\u010d 12V kontrolna plo\u010da s 3 pozicije: Automatski &#8211; Off &#8211; Ru\u010dni s &#8216;Fail-safe&#8217; ure\u0111ajem (automatski povratak na off iz ru\u010dnog polo\u017eaja). U kompletu s osigura\u010dem.<\/p>\n","protected":false},"excerpt":{"rendered":"<p>Automatska upravljacka ploca kalju\u017ene pumpe 12V &#8211; Osvijetljen prekida\u010d 12V kontrolna plo\u010da s 3 pozicije: Automatski &#8211; Off &#8211; Ru\u010dni<\/p>\n","protected":false},"featured_media":5941838,"comment_status":"closed","ping_status":"closed","template":"","meta":[],"product_brand":[3236],"product_cat":[1659],"product_tag":[],"class_list":{"0":"post-3689427","1":"product","2":"type-product","3":"status-publish","4":"has-post-thumbnail","6":"product_brand-osculati-hr","7":"product_cat-elektricne-kaljuzne-pumpe","9":"first","10":"instock","11":"shipping-taxable","12":"purchasable","13":"product-type-simple"},"_links":{"self":[{"href":"https:\/\/stoic-curie.212-227-153-4.plesk.page\/hr\/wp-json\/wp\/v2\/product\/3689427","targetHints":{"allow":["GET"]}}],"collection":[{"href":"https:\/\/stoic-curie.212-227-153-4.plesk.page\/hr\/wp-json\/wp\/v2\/product"}],"about":[{"href":"https:\/\/stoic-curie.212-227-153-4.plesk.page\/hr\/wp-json\/wp\/v2\/types\/product"}],"replies":[{"embeddable":true,"href":"https:\/\/stoic-curie.212-227-153-4.plesk.page\/hr\/wp-json\/wp\/v2\/comments?post=3689427"}],"version-history":[{"count":0,"href":"https:\/\/stoic-curie.212-227-153-4.plesk.page\/hr\/wp-json\/wp\/v2\/product\/3689427\/revisions"}],"wp:featuredmedia":[{"embeddable":true,"href":"https:\/\/stoic-curie.212-227-153-4.plesk.page\/hr\/wp-json\/wp\/v2\/media\/5941838"}],"wp:attachment":[{"href":"https:\/\/stoic-curie.212-227-153-4.plesk.page\/hr\/wp-json\/wp\/v2\/media?parent=3689427"}],"wp:term":[{"taxonomy":"product_brand","embeddable":true,"href":"https:\/\/stoic-curie.212-227-153-4.plesk.page\/hr\/wp-json\/wp\/v2\/product_brand?post=3689427"},{"taxonomy":"product_cat","embeddable":true,"href":"https:\/\/stoic-curie.212-227-153-4.plesk.page\/hr\/wp-json\/wp\/v2\/product_cat?post=3689427"},{"taxonomy":"product_tag","embeddable":true,"href":"https:\/\/stoic-curie.212-227-153-4.plesk.page\/hr\/wp-json\/wp\/v2\/product_tag?post=3689427"}],"curies":[{"name":"wp","href":"https:\/\/api.w.org\/{rel}","templated":true}]}}