{"id":3689429,"date":"2025-10-13T13:38:17","date_gmt":"2025-10-13T17:38:17","guid":{"rendered":"https:\/\/stoic-curie.212-227-153-4.plesk.page\/product\/orionis-zelena-led-navigacijska-svjetiljka-od-nehrdajuceg-celika-h27-mm\/"},"modified":"2026-02-25T00:00:53","modified_gmt":"2026-02-25T00:00:53","slug":"orionis-zelena-led-navigacijska-svjetiljka-od-nehrdajuceg-celika-h27-mm","status":"publish","type":"product","link":"https:\/\/stoic-curie.212-227-153-4.plesk.page\/hr\/product\/orionis-zelena-led-navigacijska-svjetiljka-od-nehrdajuceg-celika-h27-mm\/","title":{"rendered":"Orionis Zelena LED navigacijska svjetiljka od nehr\u0111aju\u0107eg \u010delika H27 mm"},"content":{"rendered":"<p>Orionis Zelena LED navigacijska svjetiljka od nehr\u0111aju\u0107eg \u010delika H27 mm &#8211; <\/p>\n<p>Plosnate navigacijske svjetlosti od nehr\u0111aju\u0107eg \u010delika s 1W 12\/24V Power-LED. Dimenzije: 70 x 48 x H27.<\/p>\n","protected":false},"excerpt":{"rendered":"<p>Orionis Zelena LED navigacijska svjetiljka od nehr\u0111aju\u0107eg \u010delika H27 mm &#8211; Plosnate navigacijske svjetlosti od nehr\u0111aju\u0107eg \u010delika s 1W 12\/24V<\/p>\n","protected":false},"featured_media":5941839,"comment_status":"closed","ping_status":"closed","template":"","meta":[],"product_brand":[3236],"product_cat":[1736],"product_tag":[],"class_list":{"0":"post-3689429","1":"product","2":"type-product","3":"status-publish","4":"has-post-thumbnail","6":"product_brand-osculati-hr","7":"product_cat-led-navigacijska-svjetla","9":"first","10":"instock","11":"shipping-taxable","12":"purchasable","13":"product-type-simple"},"_links":{"self":[{"href":"https:\/\/stoic-curie.212-227-153-4.plesk.page\/hr\/wp-json\/wp\/v2\/product\/3689429","targetHints":{"allow":["GET"]}}],"collection":[{"href":"https:\/\/stoic-curie.212-227-153-4.plesk.page\/hr\/wp-json\/wp\/v2\/product"}],"about":[{"href":"https:\/\/stoic-curie.212-227-153-4.plesk.page\/hr\/wp-json\/wp\/v2\/types\/product"}],"replies":[{"embeddable":true,"href":"https:\/\/stoic-curie.212-227-153-4.plesk.page\/hr\/wp-json\/wp\/v2\/comments?post=3689429"}],"version-history":[{"count":0,"href":"https:\/\/stoic-curie.212-227-153-4.plesk.page\/hr\/wp-json\/wp\/v2\/product\/3689429\/revisions"}],"wp:featuredmedia":[{"embeddable":true,"href":"https:\/\/stoic-curie.212-227-153-4.plesk.page\/hr\/wp-json\/wp\/v2\/media\/5941839"}],"wp:attachment":[{"href":"https:\/\/stoic-curie.212-227-153-4.plesk.page\/hr\/wp-json\/wp\/v2\/media?parent=3689429"}],"wp:term":[{"taxonomy":"product_brand","embeddable":true,"href":"https:\/\/stoic-curie.212-227-153-4.plesk.page\/hr\/wp-json\/wp\/v2\/product_brand?post=3689429"},{"taxonomy":"product_cat","embeddable":true,"href":"https:\/\/stoic-curie.212-227-153-4.plesk.page\/hr\/wp-json\/wp\/v2\/product_cat?post=3689429"},{"taxonomy":"product_tag","embeddable":true,"href":"https:\/\/stoic-curie.212-227-153-4.plesk.page\/hr\/wp-json\/wp\/v2\/product_tag?post=3689429"}],"curies":[{"name":"wp","href":"https:\/\/api.w.org\/{rel}","templated":true}]}}