{"id":3689434,"date":"2025-10-13T13:38:18","date_gmt":"2025-10-13T17:38:18","guid":{"rendered":"https:\/\/stoic-curie.212-227-153-4.plesk.page\/product\/bocni-valjci-prikolice-plavi-poliuretanski-presvuceni-najlon-d120-f15\/"},"modified":"2026-02-25T00:00:53","modified_gmt":"2026-02-25T00:00:53","slug":"bocni-valjci-prikolice-plavi-poliuretanski-presvuceni-najlon-d120-f15","status":"publish","type":"product","link":"https:\/\/stoic-curie.212-227-153-4.plesk.page\/hr\/product\/bocni-valjci-prikolice-plavi-poliuretanski-presvuceni-najlon-d120-f15\/","title":{"rendered":"Bo\u010dni valjci prikolice, plavi poliuretanski presvu\u010deni najlon D120 F15"},"content":{"rendered":"<p>Bo\u010dni valjci prikolice, plavi poliuretanski presvu\u010deni najlon D120 F15 &#8211; <\/p>\n<p>Plavi bo\u010dni valjci za prikolice od najlona prekriveni poliuretanom.<\/p>\n","protected":false},"excerpt":{"rendered":"<p>Bo\u010dni valjci prikolice, plavi poliuretanski presvu\u010deni najlon D120 F15 &#8211; Plavi bo\u010dni valjci za prikolice od najlona prekriveni poliuretanom.<\/p>\n","protected":false},"featured_media":5941849,"comment_status":"closed","ping_status":"closed","template":"","meta":[],"product_brand":[2891],"product_cat":[1841],"product_tag":[],"class_list":{"0":"post-3689434","1":"product","2":"type-product","3":"status-publish","4":"has-post-thumbnail","6":"product_brand-domar-hr","7":"product_cat-pribor-za-prikolicu-broda","9":"first","10":"instock","11":"shipping-taxable","12":"purchasable","13":"product-type-simple"},"_links":{"self":[{"href":"https:\/\/stoic-curie.212-227-153-4.plesk.page\/hr\/wp-json\/wp\/v2\/product\/3689434","targetHints":{"allow":["GET"]}}],"collection":[{"href":"https:\/\/stoic-curie.212-227-153-4.plesk.page\/hr\/wp-json\/wp\/v2\/product"}],"about":[{"href":"https:\/\/stoic-curie.212-227-153-4.plesk.page\/hr\/wp-json\/wp\/v2\/types\/product"}],"replies":[{"embeddable":true,"href":"https:\/\/stoic-curie.212-227-153-4.plesk.page\/hr\/wp-json\/wp\/v2\/comments?post=3689434"}],"version-history":[{"count":0,"href":"https:\/\/stoic-curie.212-227-153-4.plesk.page\/hr\/wp-json\/wp\/v2\/product\/3689434\/revisions"}],"wp:featuredmedia":[{"embeddable":true,"href":"https:\/\/stoic-curie.212-227-153-4.plesk.page\/hr\/wp-json\/wp\/v2\/media\/5941849"}],"wp:attachment":[{"href":"https:\/\/stoic-curie.212-227-153-4.plesk.page\/hr\/wp-json\/wp\/v2\/media?parent=3689434"}],"wp:term":[{"taxonomy":"product_brand","embeddable":true,"href":"https:\/\/stoic-curie.212-227-153-4.plesk.page\/hr\/wp-json\/wp\/v2\/product_brand?post=3689434"},{"taxonomy":"product_cat","embeddable":true,"href":"https:\/\/stoic-curie.212-227-153-4.plesk.page\/hr\/wp-json\/wp\/v2\/product_cat?post=3689434"},{"taxonomy":"product_tag","embeddable":true,"href":"https:\/\/stoic-curie.212-227-153-4.plesk.page\/hr\/wp-json\/wp\/v2\/product_tag?post=3689434"}],"curies":[{"name":"wp","href":"https:\/\/api.w.org\/{rel}","templated":true}]}}