{"id":3689437,"date":"2025-10-13T13:38:19","date_gmt":"2025-10-13T17:38:19","guid":{"rendered":"https:\/\/stoic-curie.212-227-153-4.plesk.page\/product\/premium-cistac-i-vosak-star-brite-500-ml\/"},"modified":"2026-02-25T00:00:53","modified_gmt":"2026-02-25T00:00:53","slug":"premium-cistac-i-vosak-star-brite-500-ml","status":"publish","type":"product","link":"https:\/\/stoic-curie.212-227-153-4.plesk.page\/hr\/product\/premium-cistac-i-vosak-star-brite-500-ml\/","title":{"rendered":"Premium \u010dista\u010d i vosak Star Brite 500 ml"},"content":{"rendered":"<p>Premium \u010dista\u010d i vosak Star Brite 500 ml &#8211; <\/p>\n<p>\u2022 \u010cisti, sjaji i \u0161titi u jednom koraku<br \/>\u2022 Brzo i jednostavno za upotrebu<br \/>\u2022 Uklanja oksidaciju i vapnenac, ostavljaju\u0107i trajni sloj PTEF\u00ae polimera<br \/>\u2022 Posebno formulirano za stakloplastiku, metale i lakirane povr\u0161ine<br \/>\u2022 UV inhibitori poma\u017eu u spre\u010davanju blije\u0111enja i oksidacije<\/p>\n","protected":false},"excerpt":{"rendered":"<p>Premium \u010dista\u010d i vosak Star Brite 500 ml &#8211; \u2022 \u010cisti, sjaji i \u0161titi u jednom koraku\u2022 Brzo i jednostavno<\/p>\n","protected":false},"featured_media":5941126,"comment_status":"closed","ping_status":"closed","template":"","meta":[],"product_brand":[3436],"product_cat":[1628],"product_tag":[],"class_list":{"0":"post-3689437","1":"product","2":"type-product","3":"status-publish","4":"has-post-thumbnail","6":"product_brand-starbrite-hr","7":"product_cat-proizvodi-za-ciscenje","9":"first","10":"instock","11":"shipping-taxable","12":"purchasable","13":"product-type-simple"},"_links":{"self":[{"href":"https:\/\/stoic-curie.212-227-153-4.plesk.page\/hr\/wp-json\/wp\/v2\/product\/3689437","targetHints":{"allow":["GET"]}}],"collection":[{"href":"https:\/\/stoic-curie.212-227-153-4.plesk.page\/hr\/wp-json\/wp\/v2\/product"}],"about":[{"href":"https:\/\/stoic-curie.212-227-153-4.plesk.page\/hr\/wp-json\/wp\/v2\/types\/product"}],"replies":[{"embeddable":true,"href":"https:\/\/stoic-curie.212-227-153-4.plesk.page\/hr\/wp-json\/wp\/v2\/comments?post=3689437"}],"version-history":[{"count":0,"href":"https:\/\/stoic-curie.212-227-153-4.plesk.page\/hr\/wp-json\/wp\/v2\/product\/3689437\/revisions"}],"wp:featuredmedia":[{"embeddable":true,"href":"https:\/\/stoic-curie.212-227-153-4.plesk.page\/hr\/wp-json\/wp\/v2\/media\/5941126"}],"wp:attachment":[{"href":"https:\/\/stoic-curie.212-227-153-4.plesk.page\/hr\/wp-json\/wp\/v2\/media?parent=3689437"}],"wp:term":[{"taxonomy":"product_brand","embeddable":true,"href":"https:\/\/stoic-curie.212-227-153-4.plesk.page\/hr\/wp-json\/wp\/v2\/product_brand?post=3689437"},{"taxonomy":"product_cat","embeddable":true,"href":"https:\/\/stoic-curie.212-227-153-4.plesk.page\/hr\/wp-json\/wp\/v2\/product_cat?post=3689437"},{"taxonomy":"product_tag","embeddable":true,"href":"https:\/\/stoic-curie.212-227-153-4.plesk.page\/hr\/wp-json\/wp\/v2\/product_tag?post=3689437"}],"curies":[{"name":"wp","href":"https:\/\/api.w.org\/{rel}","templated":true}]}}