{"id":3689446,"date":"2025-10-13T13:38:21","date_gmt":"2025-10-13T17:38:21","guid":{"rendered":"https:\/\/stoic-curie.212-227-153-4.plesk.page\/product\/mcgard-protuprovalni-sustav-za-mercruiser-i-volvo-penta\/"},"modified":"2026-02-25T00:00:53","modified_gmt":"2026-02-25T00:00:53","slug":"mcgard-protuprovalni-sustav-za-mercruiser-i-volvo-penta","status":"publish","type":"product","link":"https:\/\/stoic-curie.212-227-153-4.plesk.page\/hr\/product\/mcgard-protuprovalni-sustav-za-mercruiser-i-volvo-penta\/","title":{"rendered":"McGard protuprovalni sustav za Mercruiser i Volvo Penta"},"content":{"rendered":"<p>McGard protuprovalni sustav za Mercruiser i Volvo Penta &#8211; <\/p>\n<p>Ekstremno otporan, jednostavan za kori\u0161tenje i siguran sustav za\u0161tite od kra\u0111e za vanbrodske motore, motore s propelerom ili propelere. Jednostavno zamijenite jednu od monta\u017enih matica McGard maticom\/vratnikom s bravom. Slobodno rotiraju\u0107i vratnik se slobodno okre\u0107e i onemogu\u0107ava demonta\u017eu. Samo s uklju\u010denim McGard klju\u010dem u paketu bit \u0107e mogu\u0107e odvrnuti ure\u0111aj protiv kra\u0111e.<\/p>\n","protected":false},"excerpt":{"rendered":"<p>McGard protuprovalni sustav za Mercruiser i Volvo Penta &#8211; Ekstremno otporan, jednostavan za kori\u0161tenje i siguran sustav za\u0161tite od kra\u0111e<\/p>\n","protected":false},"featured_media":5941881,"comment_status":"closed","ping_status":"closed","template":"","meta":[],"product_brand":[3151],"product_cat":[1829,1830],"product_tag":[],"class_list":{"0":"post-3689446","1":"product","2":"type-product","3":"status-publish","4":"has-post-thumbnail","6":"product_brand-mcgard-marine-hr","7":"product_cat-rezervni-dijelovi-za-motore-volvo-penta","8":"product_cat-rezervni-dijelovi-za-vanbrodske-motore-mercruiser","10":"first","11":"instock","12":"shipping-taxable","13":"purchasable","14":"product-type-simple"},"_links":{"self":[{"href":"https:\/\/stoic-curie.212-227-153-4.plesk.page\/hr\/wp-json\/wp\/v2\/product\/3689446","targetHints":{"allow":["GET"]}}],"collection":[{"href":"https:\/\/stoic-curie.212-227-153-4.plesk.page\/hr\/wp-json\/wp\/v2\/product"}],"about":[{"href":"https:\/\/stoic-curie.212-227-153-4.plesk.page\/hr\/wp-json\/wp\/v2\/types\/product"}],"replies":[{"embeddable":true,"href":"https:\/\/stoic-curie.212-227-153-4.plesk.page\/hr\/wp-json\/wp\/v2\/comments?post=3689446"}],"version-history":[{"count":0,"href":"https:\/\/stoic-curie.212-227-153-4.plesk.page\/hr\/wp-json\/wp\/v2\/product\/3689446\/revisions"}],"wp:featuredmedia":[{"embeddable":true,"href":"https:\/\/stoic-curie.212-227-153-4.plesk.page\/hr\/wp-json\/wp\/v2\/media\/5941881"}],"wp:attachment":[{"href":"https:\/\/stoic-curie.212-227-153-4.plesk.page\/hr\/wp-json\/wp\/v2\/media?parent=3689446"}],"wp:term":[{"taxonomy":"product_brand","embeddable":true,"href":"https:\/\/stoic-curie.212-227-153-4.plesk.page\/hr\/wp-json\/wp\/v2\/product_brand?post=3689446"},{"taxonomy":"product_cat","embeddable":true,"href":"https:\/\/stoic-curie.212-227-153-4.plesk.page\/hr\/wp-json\/wp\/v2\/product_cat?post=3689446"},{"taxonomy":"product_tag","embeddable":true,"href":"https:\/\/stoic-curie.212-227-153-4.plesk.page\/hr\/wp-json\/wp\/v2\/product_tag?post=3689446"}],"curies":[{"name":"wp","href":"https:\/\/api.w.org\/{rel}","templated":true}]}}