{"id":3689450,"date":"2025-10-13T13:38:23","date_gmt":"2025-10-13T17:38:23","guid":{"rendered":"https:\/\/stoic-curie.212-227-153-4.plesk.page\/product\/star-brite-spray-za-ciscenje-gumenjaka\/"},"modified":"2026-02-25T00:00:53","modified_gmt":"2026-02-25T00:00:53","slug":"star-brite-spray-za-ciscenje-gumenjaka","status":"publish","type":"product","link":"https:\/\/stoic-curie.212-227-153-4.plesk.page\/hr\/product\/star-brite-spray-za-ciscenje-gumenjaka\/","title":{"rendered":"Star Brite Spray za \u010di\u0161cenje gumenjaka"},"content":{"rendered":"<p>Star Brite Spray za \u010di\u0161cenje gumenjaka &#8211; <\/p>\n<p>\u2022 Prodire u mrlju kako bi je rastvorio i uklonio naslage soli. \u2022 PTEF polimeri se ve\u017eu za obra\u0111enu povr\u0161inu kako bi pomogli u odbacivanju prljav\u0161tine i UV o\u0161te\u0107enja. \u2022 Specijalno formulirano za upotrebu na Hypalonu, PVC-u, stakloplastici, gumi i plastici.<\/p>\n","protected":false},"excerpt":{"rendered":"<p>Star Brite Spray za \u010di\u0161cenje gumenjaka &#8211; \u2022 Prodire u mrlju kako bi je rastvorio i uklonio naslage soli. \u2022<\/p>\n","protected":false},"featured_media":5941893,"comment_status":"closed","ping_status":"closed","template":"","meta":[],"product_brand":[3436],"product_cat":[1839,1628],"product_tag":[],"class_list":{"0":"post-3689450","1":"product","2":"type-product","3":"status-publish","4":"has-post-thumbnail","6":"product_brand-starbrite-hr","7":"product_cat-oprema-za-pomocne-brodice","8":"product_cat-proizvodi-za-ciscenje","10":"first","11":"instock","12":"shipping-taxable","13":"purchasable","14":"product-type-simple"},"_links":{"self":[{"href":"https:\/\/stoic-curie.212-227-153-4.plesk.page\/hr\/wp-json\/wp\/v2\/product\/3689450","targetHints":{"allow":["GET"]}}],"collection":[{"href":"https:\/\/stoic-curie.212-227-153-4.plesk.page\/hr\/wp-json\/wp\/v2\/product"}],"about":[{"href":"https:\/\/stoic-curie.212-227-153-4.plesk.page\/hr\/wp-json\/wp\/v2\/types\/product"}],"replies":[{"embeddable":true,"href":"https:\/\/stoic-curie.212-227-153-4.plesk.page\/hr\/wp-json\/wp\/v2\/comments?post=3689450"}],"version-history":[{"count":0,"href":"https:\/\/stoic-curie.212-227-153-4.plesk.page\/hr\/wp-json\/wp\/v2\/product\/3689450\/revisions"}],"wp:featuredmedia":[{"embeddable":true,"href":"https:\/\/stoic-curie.212-227-153-4.plesk.page\/hr\/wp-json\/wp\/v2\/media\/5941893"}],"wp:attachment":[{"href":"https:\/\/stoic-curie.212-227-153-4.plesk.page\/hr\/wp-json\/wp\/v2\/media?parent=3689450"}],"wp:term":[{"taxonomy":"product_brand","embeddable":true,"href":"https:\/\/stoic-curie.212-227-153-4.plesk.page\/hr\/wp-json\/wp\/v2\/product_brand?post=3689450"},{"taxonomy":"product_cat","embeddable":true,"href":"https:\/\/stoic-curie.212-227-153-4.plesk.page\/hr\/wp-json\/wp\/v2\/product_cat?post=3689450"},{"taxonomy":"product_tag","embeddable":true,"href":"https:\/\/stoic-curie.212-227-153-4.plesk.page\/hr\/wp-json\/wp\/v2\/product_tag?post=3689450"}],"curies":[{"name":"wp","href":"https:\/\/api.w.org\/{rel}","templated":true}]}}