{"id":3689451,"date":"2025-10-13T13:38:23","date_gmt":"2025-10-13T17:38:23","guid":{"rendered":"https:\/\/stoic-curie.212-227-153-4.plesk.page\/product\/star-brite-cistac-platna-1lt\/"},"modified":"2026-02-25T00:00:53","modified_gmt":"2026-02-25T00:00:53","slug":"star-brite-cistac-platna-1lt","status":"publish","type":"product","link":"https:\/\/stoic-curie.212-227-153-4.plesk.page\/hr\/product\/star-brite-cistac-platna-1lt\/","title":{"rendered":"Star Brite \u010dista\u010d platna 1lt"},"content":{"rendered":"<p>Star Brite \u010dista\u010d platna 1lt &#8211; <\/p>\n<p>\u2022 Uklanja prljav\u0161tinu i mrlje s tkanina, pokriva\u010da za \u010damce, naplataka za jedra, bimini pokriva\u010da, cerada i T-topova \u2022 PTEF polimeri se ve\u017eu za obra\u0111enu tkaninu kako bi pomogli u odbijanju prljav\u0161tine i UV o\u0161te\u0107enja \u2022 Odr\u017eava pokriva\u010de lijepima tijekom cijele godine<\/p>\n","protected":false},"excerpt":{"rendered":"<p>Star Brite \u010dista\u010d platna 1lt &#8211; \u2022 Uklanja prljav\u0161tinu i mrlje s tkanina, pokriva\u010da za \u010damce, naplataka za jedra, bimini<\/p>\n","protected":false},"featured_media":5941894,"comment_status":"closed","ping_status":"closed","template":"","meta":[],"product_brand":[3436],"product_cat":[1683,1628],"product_tag":[],"class_list":{"0":"post-3689451","1":"product","2":"type-product","3":"status-publish","4":"has-post-thumbnail","6":"product_brand-starbrite-hr","7":"product_cat-cerade","8":"product_cat-proizvodi-za-ciscenje","10":"first","11":"instock","12":"shipping-taxable","13":"purchasable","14":"product-type-simple"},"_links":{"self":[{"href":"https:\/\/stoic-curie.212-227-153-4.plesk.page\/hr\/wp-json\/wp\/v2\/product\/3689451","targetHints":{"allow":["GET"]}}],"collection":[{"href":"https:\/\/stoic-curie.212-227-153-4.plesk.page\/hr\/wp-json\/wp\/v2\/product"}],"about":[{"href":"https:\/\/stoic-curie.212-227-153-4.plesk.page\/hr\/wp-json\/wp\/v2\/types\/product"}],"replies":[{"embeddable":true,"href":"https:\/\/stoic-curie.212-227-153-4.plesk.page\/hr\/wp-json\/wp\/v2\/comments?post=3689451"}],"version-history":[{"count":0,"href":"https:\/\/stoic-curie.212-227-153-4.plesk.page\/hr\/wp-json\/wp\/v2\/product\/3689451\/revisions"}],"wp:featuredmedia":[{"embeddable":true,"href":"https:\/\/stoic-curie.212-227-153-4.plesk.page\/hr\/wp-json\/wp\/v2\/media\/5941894"}],"wp:attachment":[{"href":"https:\/\/stoic-curie.212-227-153-4.plesk.page\/hr\/wp-json\/wp\/v2\/media?parent=3689451"}],"wp:term":[{"taxonomy":"product_brand","embeddable":true,"href":"https:\/\/stoic-curie.212-227-153-4.plesk.page\/hr\/wp-json\/wp\/v2\/product_brand?post=3689451"},{"taxonomy":"product_cat","embeddable":true,"href":"https:\/\/stoic-curie.212-227-153-4.plesk.page\/hr\/wp-json\/wp\/v2\/product_cat?post=3689451"},{"taxonomy":"product_tag","embeddable":true,"href":"https:\/\/stoic-curie.212-227-153-4.plesk.page\/hr\/wp-json\/wp\/v2\/product_tag?post=3689451"}],"curies":[{"name":"wp","href":"https:\/\/api.w.org\/{rel}","templated":true}]}}