{"id":3689453,"date":"2025-10-13T13:38:23","date_gmt":"2025-10-13T17:38:23","guid":{"rendered":"https:\/\/stoic-curie.212-227-153-4.plesk.page\/product\/ekspandirajuci-t-cep-od-nehrdajuceg-celika-d-22-7\/"},"modified":"2026-02-25T00:00:54","modified_gmt":"2026-02-25T00:00:54","slug":"ekspandirajuci-t-cep-od-nehrdajuceg-celika-d-22-7","status":"publish","type":"product","link":"https:\/\/stoic-curie.212-227-153-4.plesk.page\/hr\/product\/ekspandirajuci-t-cep-od-nehrdajuceg-celika-d-22-7\/","title":{"rendered":"Ekspandirajuci T-\u010dep od nehr\u0111aju\u0107eg \u010delika D 22.7"},"content":{"rendered":"<p>Ekspandirajuci T-\u010dep od nehr\u0111aju\u0107eg \u010delika D 22.7 &#8211; <\/p>\n<p>Pro\u0161irivi T-ru\u010dni odvodni \u010dep.<\/p>\n","protected":false},"excerpt":{"rendered":"<p>Ekspandirajuci T-\u010dep od nehr\u0111aju\u0107eg \u010delika D 22.7 &#8211; Pro\u0161irivi T-ru\u010dni odvodni \u010dep.<\/p>\n","protected":false},"featured_media":5941912,"comment_status":"closed","ping_status":"closed","template":"","meta":[],"product_brand":[3491],"product_cat":[1667],"product_tag":[],"class_list":{"0":"post-3689453","1":"product","2":"type-product","3":"status-publish","4":"has-post-thumbnail","6":"product_brand-trem-hr","7":"product_cat-odvodni-cepovi","9":"first","10":"instock","11":"shipping-taxable","12":"purchasable","13":"product-type-simple"},"_links":{"self":[{"href":"https:\/\/stoic-curie.212-227-153-4.plesk.page\/hr\/wp-json\/wp\/v2\/product\/3689453","targetHints":{"allow":["GET"]}}],"collection":[{"href":"https:\/\/stoic-curie.212-227-153-4.plesk.page\/hr\/wp-json\/wp\/v2\/product"}],"about":[{"href":"https:\/\/stoic-curie.212-227-153-4.plesk.page\/hr\/wp-json\/wp\/v2\/types\/product"}],"replies":[{"embeddable":true,"href":"https:\/\/stoic-curie.212-227-153-4.plesk.page\/hr\/wp-json\/wp\/v2\/comments?post=3689453"}],"version-history":[{"count":0,"href":"https:\/\/stoic-curie.212-227-153-4.plesk.page\/hr\/wp-json\/wp\/v2\/product\/3689453\/revisions"}],"wp:featuredmedia":[{"embeddable":true,"href":"https:\/\/stoic-curie.212-227-153-4.plesk.page\/hr\/wp-json\/wp\/v2\/media\/5941912"}],"wp:attachment":[{"href":"https:\/\/stoic-curie.212-227-153-4.plesk.page\/hr\/wp-json\/wp\/v2\/media?parent=3689453"}],"wp:term":[{"taxonomy":"product_brand","embeddable":true,"href":"https:\/\/stoic-curie.212-227-153-4.plesk.page\/hr\/wp-json\/wp\/v2\/product_brand?post=3689453"},{"taxonomy":"product_cat","embeddable":true,"href":"https:\/\/stoic-curie.212-227-153-4.plesk.page\/hr\/wp-json\/wp\/v2\/product_cat?post=3689453"},{"taxonomy":"product_tag","embeddable":true,"href":"https:\/\/stoic-curie.212-227-153-4.plesk.page\/hr\/wp-json\/wp\/v2\/product_tag?post=3689453"}],"curies":[{"name":"wp","href":"https:\/\/api.w.org\/{rel}","templated":true}]}}