{"id":3689454,"date":"2025-10-13T13:38:24","date_gmt":"2025-10-13T17:38:24","guid":{"rendered":"https:\/\/stoic-curie.212-227-153-4.plesk.page\/product\/pontonski-vodootporni-elektricni-utikaci-ce-ip67-230v-16a\/"},"modified":"2026-02-25T00:00:54","modified_gmt":"2026-02-25T00:00:54","slug":"pontonski-vodootporni-elektricni-utikaci-ce-ip67-230v-16a","status":"publish","type":"product","link":"https:\/\/stoic-curie.212-227-153-4.plesk.page\/hr\/product\/pontonski-vodootporni-elektricni-utikaci-ce-ip67-230v-16a\/","title":{"rendered":"Pontonski vodootporni elektri\u010dni utika\u010di CE Ip67 230v 16A"},"content":{"rendered":"<p>Pontonski vodootporni elektri\u010dni utika\u010di CE Ip67 230v 16A &#8211; <\/p>\n<p>3-polarne CE IP67 vodootporne utika\u010di i uti\u010dnice.<\/p>\n","protected":false},"excerpt":{"rendered":"<p>Pontonski vodootporni elektri\u010dni utika\u010di CE Ip67 230v 16A &#8211; 3-polarne CE IP67 vodootporne utika\u010di i uti\u010dnice.<\/p>\n","protected":false},"featured_media":5941913,"comment_status":"closed","ping_status":"closed","template":"","meta":[],"product_brand":[2831],"product_cat":[1750],"product_tag":[],"class_list":{"0":"post-3689454","1":"product","2":"type-product","3":"status-publish","4":"has-post-thumbnail","6":"product_brand-blue-sea-systems-hr","7":"product_cat-marinco-utikaci","9":"first","10":"instock","11":"shipping-taxable","12":"purchasable","13":"product-type-simple"},"_links":{"self":[{"href":"https:\/\/stoic-curie.212-227-153-4.plesk.page\/hr\/wp-json\/wp\/v2\/product\/3689454","targetHints":{"allow":["GET"]}}],"collection":[{"href":"https:\/\/stoic-curie.212-227-153-4.plesk.page\/hr\/wp-json\/wp\/v2\/product"}],"about":[{"href":"https:\/\/stoic-curie.212-227-153-4.plesk.page\/hr\/wp-json\/wp\/v2\/types\/product"}],"replies":[{"embeddable":true,"href":"https:\/\/stoic-curie.212-227-153-4.plesk.page\/hr\/wp-json\/wp\/v2\/comments?post=3689454"}],"version-history":[{"count":0,"href":"https:\/\/stoic-curie.212-227-153-4.plesk.page\/hr\/wp-json\/wp\/v2\/product\/3689454\/revisions"}],"wp:featuredmedia":[{"embeddable":true,"href":"https:\/\/stoic-curie.212-227-153-4.plesk.page\/hr\/wp-json\/wp\/v2\/media\/5941913"}],"wp:attachment":[{"href":"https:\/\/stoic-curie.212-227-153-4.plesk.page\/hr\/wp-json\/wp\/v2\/media?parent=3689454"}],"wp:term":[{"taxonomy":"product_brand","embeddable":true,"href":"https:\/\/stoic-curie.212-227-153-4.plesk.page\/hr\/wp-json\/wp\/v2\/product_brand?post=3689454"},{"taxonomy":"product_cat","embeddable":true,"href":"https:\/\/stoic-curie.212-227-153-4.plesk.page\/hr\/wp-json\/wp\/v2\/product_cat?post=3689454"},{"taxonomy":"product_tag","embeddable":true,"href":"https:\/\/stoic-curie.212-227-153-4.plesk.page\/hr\/wp-json\/wp\/v2\/product_tag?post=3689454"}],"curies":[{"name":"wp","href":"https:\/\/api.w.org\/{rel}","templated":true}]}}