{"id":3689460,"date":"2025-10-13T13:38:25","date_gmt":"2025-10-13T17:38:25","guid":{"rendered":"https:\/\/stoic-curie.212-227-153-4.plesk.page\/product\/vodonepropusno-pilotsko-svjetlo-od-kromiranog-mesinga-12v-crveno\/"},"modified":"2026-02-25T00:00:54","modified_gmt":"2026-02-25T00:00:54","slug":"vodonepropusno-pilotsko-svjetlo-od-kromiranog-mesinga-12v-crveno","status":"publish","type":"product","link":"https:\/\/stoic-curie.212-227-153-4.plesk.page\/hr\/product\/vodonepropusno-pilotsko-svjetlo-od-kromiranog-mesinga-12v-crveno\/","title":{"rendered":"Vodonepropusno pilotsko svjetlo od kromiranog mesinga, 12V, crveno"},"content":{"rendered":"<p>Vodonepropusno pilotsko svjetlo od kromiranog mesinga, 12V, crveno &#8211; <\/p>\n<p>Vodootporne kromirane mesingane 12V LED pilot svjetla. Uklju\u010duju\u0107i maticu, brtvu i osigura\u010d. Maksimalna debljina panela 13 mm.<\/p>\n","protected":false},"excerpt":{"rendered":"<p>Vodonepropusno pilotsko svjetlo od kromiranog mesinga, 12V, crveno &#8211; Vodootporne kromirane mesingane 12V LED pilot svjetla. Uklju\u010duju\u0107i maticu, brtvu i<\/p>\n","protected":false},"featured_media":5941924,"comment_status":"closed","ping_status":"closed","template":"","meta":[],"product_brand":[2831],"product_cat":[1740,1739],"product_tag":[],"class_list":{"0":"post-3689460","1":"product","2":"type-product","3":"status-publish","4":"has-post-thumbnail","6":"product_brand-blue-sea-systems-hr","7":"product_cat-elektricni-pribor","8":"product_cat-rasvjeta","10":"first","11":"instock","12":"shipping-taxable","13":"purchasable","14":"product-type-simple"},"_links":{"self":[{"href":"https:\/\/stoic-curie.212-227-153-4.plesk.page\/hr\/wp-json\/wp\/v2\/product\/3689460","targetHints":{"allow":["GET"]}}],"collection":[{"href":"https:\/\/stoic-curie.212-227-153-4.plesk.page\/hr\/wp-json\/wp\/v2\/product"}],"about":[{"href":"https:\/\/stoic-curie.212-227-153-4.plesk.page\/hr\/wp-json\/wp\/v2\/types\/product"}],"replies":[{"embeddable":true,"href":"https:\/\/stoic-curie.212-227-153-4.plesk.page\/hr\/wp-json\/wp\/v2\/comments?post=3689460"}],"version-history":[{"count":0,"href":"https:\/\/stoic-curie.212-227-153-4.plesk.page\/hr\/wp-json\/wp\/v2\/product\/3689460\/revisions"}],"wp:featuredmedia":[{"embeddable":true,"href":"https:\/\/stoic-curie.212-227-153-4.plesk.page\/hr\/wp-json\/wp\/v2\/media\/5941924"}],"wp:attachment":[{"href":"https:\/\/stoic-curie.212-227-153-4.plesk.page\/hr\/wp-json\/wp\/v2\/media?parent=3689460"}],"wp:term":[{"taxonomy":"product_brand","embeddable":true,"href":"https:\/\/stoic-curie.212-227-153-4.plesk.page\/hr\/wp-json\/wp\/v2\/product_brand?post=3689460"},{"taxonomy":"product_cat","embeddable":true,"href":"https:\/\/stoic-curie.212-227-153-4.plesk.page\/hr\/wp-json\/wp\/v2\/product_cat?post=3689460"},{"taxonomy":"product_tag","embeddable":true,"href":"https:\/\/stoic-curie.212-227-153-4.plesk.page\/hr\/wp-json\/wp\/v2\/product_tag?post=3689460"}],"curies":[{"name":"wp","href":"https:\/\/api.w.org\/{rel}","templated":true}]}}