{"id":3689469,"date":"2025-10-13T13:38:28","date_gmt":"2025-10-13T17:38:28","guid":{"rendered":"https:\/\/stoic-curie.212-227-153-4.plesk.page\/product\/top-drag-plutajuce-sidro-60-x-53cm\/"},"modified":"2026-02-25T00:00:54","modified_gmt":"2026-02-25T00:00:54","slug":"top-drag-plutajuce-sidro-60-x-53cm","status":"publish","type":"product","link":"https:\/\/stoic-curie.212-227-153-4.plesk.page\/hr\/product\/top-drag-plutajuce-sidro-60-x-53cm\/","title":{"rendered":"Top drag plutaju\u0107e sidro 60 x 53cm"},"content":{"rendered":"<p>Top drag plutaju\u0107e sidro 60 x 53cm &#8211; <\/p>\n<p>Floatni sidro visokog intenziteta od Nylon Rip-Stop s PVC premazom. Najlonske trake i oja\u010danja. Djeluje prema principu padobrana koji koristi trenje vode kako bi stabilizirao \u010damac, dr\u017eao pramac u smjeru vjetra i izbjegao driftanje. Preporu\u010dena u\u017ee treba biti barem tri puta du\u017ee od \u010damca.<\/p>\n","protected":false},"excerpt":{"rendered":"<p>Top drag plutaju\u0107e sidro 60 x 53cm &#8211; Floatni sidro visokog intenziteta od Nylon Rip-Stop s PVC premazom. Najlonske trake<\/p>\n","protected":false},"featured_media":5941953,"comment_status":"closed","ping_status":"closed","template":"","meta":[],"product_brand":[3516],"product_cat":[1869],"product_tag":[],"class_list":{"0":"post-3689469","1":"product","2":"type-product","3":"status-publish","4":"has-post-thumbnail","6":"product_brand-veleria-san-giorgio-hr","7":"product_cat-plutajuca-sidra","9":"first","10":"outofstock","11":"shipping-taxable","12":"purchasable","13":"product-type-simple"},"_links":{"self":[{"href":"https:\/\/stoic-curie.212-227-153-4.plesk.page\/hr\/wp-json\/wp\/v2\/product\/3689469","targetHints":{"allow":["GET"]}}],"collection":[{"href":"https:\/\/stoic-curie.212-227-153-4.plesk.page\/hr\/wp-json\/wp\/v2\/product"}],"about":[{"href":"https:\/\/stoic-curie.212-227-153-4.plesk.page\/hr\/wp-json\/wp\/v2\/types\/product"}],"replies":[{"embeddable":true,"href":"https:\/\/stoic-curie.212-227-153-4.plesk.page\/hr\/wp-json\/wp\/v2\/comments?post=3689469"}],"version-history":[{"count":0,"href":"https:\/\/stoic-curie.212-227-153-4.plesk.page\/hr\/wp-json\/wp\/v2\/product\/3689469\/revisions"}],"wp:featuredmedia":[{"embeddable":true,"href":"https:\/\/stoic-curie.212-227-153-4.plesk.page\/hr\/wp-json\/wp\/v2\/media\/5941953"}],"wp:attachment":[{"href":"https:\/\/stoic-curie.212-227-153-4.plesk.page\/hr\/wp-json\/wp\/v2\/media?parent=3689469"}],"wp:term":[{"taxonomy":"product_brand","embeddable":true,"href":"https:\/\/stoic-curie.212-227-153-4.plesk.page\/hr\/wp-json\/wp\/v2\/product_brand?post=3689469"},{"taxonomy":"product_cat","embeddable":true,"href":"https:\/\/stoic-curie.212-227-153-4.plesk.page\/hr\/wp-json\/wp\/v2\/product_cat?post=3689469"},{"taxonomy":"product_tag","embeddable":true,"href":"https:\/\/stoic-curie.212-227-153-4.plesk.page\/hr\/wp-json\/wp\/v2\/product_tag?post=3689469"}],"curies":[{"name":"wp","href":"https:\/\/api.w.org\/{rel}","templated":true}]}}