{"id":3689471,"date":"2025-10-13T13:38:28","date_gmt":"2025-10-13T17:38:28","guid":{"rendered":"https:\/\/stoic-curie.212-227-153-4.plesk.page\/product\/top-drag-plutajuce-sidro-107-x-110cm\/"},"modified":"2026-02-25T00:00:54","modified_gmt":"2026-02-25T00:00:54","slug":"top-drag-plutajuce-sidro-107-x-110cm","status":"publish","type":"product","link":"https:\/\/stoic-curie.212-227-153-4.plesk.page\/hr\/product\/top-drag-plutajuce-sidro-107-x-110cm\/","title":{"rendered":"Top drag plutaju\u0107e sidro 107 x 110cm"},"content":{"rendered":"<p>Top drag plutaju\u0107e sidro 107 x 110cm &#8211; <\/p>\n<p>PVC prekriven Rip-Stop najlonski H.Duty plutaju\u0107i sidro. Najlonske trake i oja\u010danja. Djeluje na osnovu principa padobrana koji koristi trenje vode za stabilizaciju \u010damca, dr\u017ei pramac prema vjetru i spre\u010dava driftanje. Preporu\u010dena duljina u\u017eeta trebala bi biti barem tri puta dulja od \u010damca.<\/p>\n","protected":false},"excerpt":{"rendered":"<p>Top drag plutaju\u0107e sidro 107 x 110cm &#8211; PVC prekriven Rip-Stop najlonski H.Duty plutaju\u0107i sidro. Najlonske trake i oja\u010danja. Djeluje<\/p>\n","protected":false},"featured_media":5941953,"comment_status":"closed","ping_status":"closed","template":"","meta":[],"product_brand":[3516],"product_cat":[1869],"product_tag":[],"class_list":{"0":"post-3689471","1":"product","2":"type-product","3":"status-publish","4":"has-post-thumbnail","6":"product_brand-veleria-san-giorgio-hr","7":"product_cat-plutajuca-sidra","9":"first","10":"instock","11":"shipping-taxable","12":"purchasable","13":"product-type-simple"},"_links":{"self":[{"href":"https:\/\/stoic-curie.212-227-153-4.plesk.page\/hr\/wp-json\/wp\/v2\/product\/3689471","targetHints":{"allow":["GET"]}}],"collection":[{"href":"https:\/\/stoic-curie.212-227-153-4.plesk.page\/hr\/wp-json\/wp\/v2\/product"}],"about":[{"href":"https:\/\/stoic-curie.212-227-153-4.plesk.page\/hr\/wp-json\/wp\/v2\/types\/product"}],"replies":[{"embeddable":true,"href":"https:\/\/stoic-curie.212-227-153-4.plesk.page\/hr\/wp-json\/wp\/v2\/comments?post=3689471"}],"version-history":[{"count":0,"href":"https:\/\/stoic-curie.212-227-153-4.plesk.page\/hr\/wp-json\/wp\/v2\/product\/3689471\/revisions"}],"wp:featuredmedia":[{"embeddable":true,"href":"https:\/\/stoic-curie.212-227-153-4.plesk.page\/hr\/wp-json\/wp\/v2\/media\/5941953"}],"wp:attachment":[{"href":"https:\/\/stoic-curie.212-227-153-4.plesk.page\/hr\/wp-json\/wp\/v2\/media?parent=3689471"}],"wp:term":[{"taxonomy":"product_brand","embeddable":true,"href":"https:\/\/stoic-curie.212-227-153-4.plesk.page\/hr\/wp-json\/wp\/v2\/product_brand?post=3689471"},{"taxonomy":"product_cat","embeddable":true,"href":"https:\/\/stoic-curie.212-227-153-4.plesk.page\/hr\/wp-json\/wp\/v2\/product_cat?post=3689471"},{"taxonomy":"product_tag","embeddable":true,"href":"https:\/\/stoic-curie.212-227-153-4.plesk.page\/hr\/wp-json\/wp\/v2\/product_tag?post=3689471"}],"curies":[{"name":"wp","href":"https:\/\/api.w.org\/{rel}","templated":true}]}}