{"id":3689475,"date":"2025-10-13T13:38:30","date_gmt":"2025-10-13T17:38:30","guid":{"rendered":"https:\/\/stoic-curie.212-227-153-4.plesk.page\/product\/teleskopska-kuka-od-anodiziranog-aluminija-130-240-cm\/"},"modified":"2026-02-25T00:00:54","modified_gmt":"2026-02-25T00:00:54","slug":"teleskopska-kuka-od-anodiziranog-aluminija-130-240-cm","status":"publish","type":"product","link":"https:\/\/stoic-curie.212-227-153-4.plesk.page\/hr\/product\/teleskopska-kuka-od-anodiziranog-aluminija-130-240-cm\/","title":{"rendered":"Teleskopska kuka od anodiziranog aluminija 130 &#8211; 240 cm"},"content":{"rendered":"<p>Teleskopska kuka od anodiziranog aluminija 130 &#8211; 240 cm &#8211; <\/p>\n<p>Anodizirani aluminijski bi-teleskopski brodski kuku s oja\u010danim plasti\u010dnim kukom. Ergonomska dr\u0161ka za udoban i siguran hvatanje.<\/p>\n","protected":false},"excerpt":{"rendered":"<p>Teleskopska kuka od anodiziranog aluminija 130 &#8211; 240 cm &#8211; Anodizirani aluminijski bi-teleskopski brodski kuku s oja\u010danim plasti\u010dnim kukom. Ergonomska<\/p>\n","protected":false},"featured_media":5941956,"comment_status":"closed","ping_status":"closed","template":"","meta":[],"product_brand":[2836],"product_cat":[1616],"product_tag":[],"class_list":{"0":"post-3689475","1":"product","2":"type-product","3":"status-publish","4":"has-post-thumbnail","6":"product_brand-boatasy-hr","7":"product_cat-kuke-za-privez-i-pristajanje","9":"first","10":"instock","11":"shipping-taxable","12":"purchasable","13":"product-type-simple"},"_links":{"self":[{"href":"https:\/\/stoic-curie.212-227-153-4.plesk.page\/hr\/wp-json\/wp\/v2\/product\/3689475","targetHints":{"allow":["GET"]}}],"collection":[{"href":"https:\/\/stoic-curie.212-227-153-4.plesk.page\/hr\/wp-json\/wp\/v2\/product"}],"about":[{"href":"https:\/\/stoic-curie.212-227-153-4.plesk.page\/hr\/wp-json\/wp\/v2\/types\/product"}],"replies":[{"embeddable":true,"href":"https:\/\/stoic-curie.212-227-153-4.plesk.page\/hr\/wp-json\/wp\/v2\/comments?post=3689475"}],"version-history":[{"count":0,"href":"https:\/\/stoic-curie.212-227-153-4.plesk.page\/hr\/wp-json\/wp\/v2\/product\/3689475\/revisions"}],"wp:featuredmedia":[{"embeddable":true,"href":"https:\/\/stoic-curie.212-227-153-4.plesk.page\/hr\/wp-json\/wp\/v2\/media\/5941956"}],"wp:attachment":[{"href":"https:\/\/stoic-curie.212-227-153-4.plesk.page\/hr\/wp-json\/wp\/v2\/media?parent=3689475"}],"wp:term":[{"taxonomy":"product_brand","embeddable":true,"href":"https:\/\/stoic-curie.212-227-153-4.plesk.page\/hr\/wp-json\/wp\/v2\/product_brand?post=3689475"},{"taxonomy":"product_cat","embeddable":true,"href":"https:\/\/stoic-curie.212-227-153-4.plesk.page\/hr\/wp-json\/wp\/v2\/product_cat?post=3689475"},{"taxonomy":"product_tag","embeddable":true,"href":"https:\/\/stoic-curie.212-227-153-4.plesk.page\/hr\/wp-json\/wp\/v2\/product_tag?post=3689475"}],"curies":[{"name":"wp","href":"https:\/\/api.w.org\/{rel}","templated":true}]}}