{"id":3689477,"date":"2025-10-13T13:38:30","date_gmt":"2025-10-13T17:38:30","guid":{"rendered":"https:\/\/stoic-curie.212-227-153-4.plesk.page\/product\/jarbolno-led-navigacijsko-svjetlo-bijelo-360o-12-24-u-h110mm\/"},"modified":"2026-02-25T00:00:54","modified_gmt":"2026-02-25T00:00:54","slug":"jarbolno-led-navigacijsko-svjetlo-bijelo-360o-12-24-u-h110mm","status":"publish","type":"product","link":"https:\/\/stoic-curie.212-227-153-4.plesk.page\/hr\/product\/jarbolno-led-navigacijsko-svjetlo-bijelo-360o-12-24-u-h110mm\/","title":{"rendered":"Jarbolno LED navigacijsko svjetlo bijelo, 360\u00ba 12\/24 u H110mm"},"content":{"rendered":"<p>Jarbolno LED navigacijsko svjetlo bijelo, 360\u00ba 12\/24 u H110mm &#8211; <\/p>\n<p>Tanke povr\u0161inske monta\u017ene vi\u0161enamjenske LED svjetiljke za jarbole 12\/24V. IP56 za\u0161tita. H110mm. R.I.Na. certificirane za \u010damce do 20 metara.<\/p>\n","protected":false},"excerpt":{"rendered":"<p>Jarbolno LED navigacijsko svjetlo bijelo, 360\u00ba 12\/24 u H110mm &#8211; Tanke povr\u0161inske monta\u017ene vi\u0161enamjenske LED svjetiljke za jarbole 12\/24V. IP56<\/p>\n","protected":false},"featured_media":5941964,"comment_status":"closed","ping_status":"closed","template":"","meta":[],"product_brand":[3491],"product_cat":[1736],"product_tag":[],"class_list":{"0":"post-3689477","1":"product","2":"type-product","3":"status-publish","4":"has-post-thumbnail","6":"product_brand-trem-hr","7":"product_cat-led-navigacijska-svjetla","9":"first","10":"outofstock","11":"shipping-taxable","12":"purchasable","13":"product-type-simple"},"_links":{"self":[{"href":"https:\/\/stoic-curie.212-227-153-4.plesk.page\/hr\/wp-json\/wp\/v2\/product\/3689477","targetHints":{"allow":["GET"]}}],"collection":[{"href":"https:\/\/stoic-curie.212-227-153-4.plesk.page\/hr\/wp-json\/wp\/v2\/product"}],"about":[{"href":"https:\/\/stoic-curie.212-227-153-4.plesk.page\/hr\/wp-json\/wp\/v2\/types\/product"}],"replies":[{"embeddable":true,"href":"https:\/\/stoic-curie.212-227-153-4.plesk.page\/hr\/wp-json\/wp\/v2\/comments?post=3689477"}],"version-history":[{"count":0,"href":"https:\/\/stoic-curie.212-227-153-4.plesk.page\/hr\/wp-json\/wp\/v2\/product\/3689477\/revisions"}],"wp:featuredmedia":[{"embeddable":true,"href":"https:\/\/stoic-curie.212-227-153-4.plesk.page\/hr\/wp-json\/wp\/v2\/media\/5941964"}],"wp:attachment":[{"href":"https:\/\/stoic-curie.212-227-153-4.plesk.page\/hr\/wp-json\/wp\/v2\/media?parent=3689477"}],"wp:term":[{"taxonomy":"product_brand","embeddable":true,"href":"https:\/\/stoic-curie.212-227-153-4.plesk.page\/hr\/wp-json\/wp\/v2\/product_brand?post=3689477"},{"taxonomy":"product_cat","embeddable":true,"href":"https:\/\/stoic-curie.212-227-153-4.plesk.page\/hr\/wp-json\/wp\/v2\/product_cat?post=3689477"},{"taxonomy":"product_tag","embeddable":true,"href":"https:\/\/stoic-curie.212-227-153-4.plesk.page\/hr\/wp-json\/wp\/v2\/product_tag?post=3689477"}],"curies":[{"name":"wp","href":"https:\/\/api.w.org\/{rel}","templated":true}]}}