{"id":3689483,"date":"2025-10-13T13:38:32","date_gmt":"2025-10-13T17:38:32","guid":{"rendered":"https:\/\/stoic-curie.212-227-153-4.plesk.page\/product\/cistac-kamenca-feroton-5lt\/"},"modified":"2026-02-25T00:00:54","modified_gmt":"2026-02-25T00:00:54","slug":"cistac-kamenca-feroton-5lt","status":"publish","type":"product","link":"https:\/\/stoic-curie.212-227-153-4.plesk.page\/hr\/product\/cistac-kamenca-feroton-5lt\/","title":{"rendered":"\u010cista\u010d kamenca Feroton 5LT"},"content":{"rendered":"<p>\u010cista\u010d kamenca Feroton 5LT &#8211; <\/p>\n<p>Odstranjiva\u010d kamenca, odsaljiva\u010d i sredstvo za deoksidaciju. Specijalizirano za uklanjanje hr\u0111avih mrlja s trupa, poliranje nehr\u0111aju\u0107eg \u010delika i kromiranih povr\u0161ina. Izvrstan odstranjiva\u010d kamenca za rashladni krug motora.<\/p>\n","protected":false},"excerpt":{"rendered":"<p>\u010cista\u010d kamenca Feroton 5LT &#8211; Odstranjiva\u010d kamenca, odsaljiva\u010d i sredstvo za deoksidaciju. Specijalizirano za uklanjanje hr\u0111avih mrlja s trupa, poliranje<\/p>\n","protected":false},"featured_media":5941481,"comment_status":"closed","ping_status":"closed","template":"","meta":[],"product_brand":[3236],"product_cat":[1628,1626],"product_tag":[],"class_list":{"0":"post-3689483","1":"product","2":"type-product","3":"status-publish","4":"has-post-thumbnail","6":"product_brand-osculati-hr","7":"product_cat-proizvodi-za-ciscenje","8":"product_cat-proizvodi-za-odrzavanje","10":"first","11":"instock","12":"shipping-taxable","13":"purchasable","14":"product-type-simple"},"_links":{"self":[{"href":"https:\/\/stoic-curie.212-227-153-4.plesk.page\/hr\/wp-json\/wp\/v2\/product\/3689483","targetHints":{"allow":["GET"]}}],"collection":[{"href":"https:\/\/stoic-curie.212-227-153-4.plesk.page\/hr\/wp-json\/wp\/v2\/product"}],"about":[{"href":"https:\/\/stoic-curie.212-227-153-4.plesk.page\/hr\/wp-json\/wp\/v2\/types\/product"}],"replies":[{"embeddable":true,"href":"https:\/\/stoic-curie.212-227-153-4.plesk.page\/hr\/wp-json\/wp\/v2\/comments?post=3689483"}],"version-history":[{"count":0,"href":"https:\/\/stoic-curie.212-227-153-4.plesk.page\/hr\/wp-json\/wp\/v2\/product\/3689483\/revisions"}],"wp:featuredmedia":[{"embeddable":true,"href":"https:\/\/stoic-curie.212-227-153-4.plesk.page\/hr\/wp-json\/wp\/v2\/media\/5941481"}],"wp:attachment":[{"href":"https:\/\/stoic-curie.212-227-153-4.plesk.page\/hr\/wp-json\/wp\/v2\/media?parent=3689483"}],"wp:term":[{"taxonomy":"product_brand","embeddable":true,"href":"https:\/\/stoic-curie.212-227-153-4.plesk.page\/hr\/wp-json\/wp\/v2\/product_brand?post=3689483"},{"taxonomy":"product_cat","embeddable":true,"href":"https:\/\/stoic-curie.212-227-153-4.plesk.page\/hr\/wp-json\/wp\/v2\/product_cat?post=3689483"},{"taxonomy":"product_tag","embeddable":true,"href":"https:\/\/stoic-curie.212-227-153-4.plesk.page\/hr\/wp-json\/wp\/v2\/product_tag?post=3689483"}],"curies":[{"name":"wp","href":"https:\/\/api.w.org\/{rel}","templated":true}]}}