{"id":3689488,"date":"2025-10-13T13:38:33","date_gmt":"2025-10-13T17:38:33","guid":{"rendered":"https:\/\/stoic-curie.212-227-153-4.plesk.page\/product\/melaminska-zdjela-mb-northwind-15cm-6kom\/"},"modified":"2026-02-25T00:00:54","modified_gmt":"2026-02-25T00:00:54","slug":"melaminska-zdjela-mb-northwind-15cm-6kom","status":"publish","type":"product","link":"https:\/\/stoic-curie.212-227-153-4.plesk.page\/hr\/product\/melaminska-zdjela-mb-northwind-15cm-6kom\/","title":{"rendered":"Melaminska zdjela MB Northwind 15cm 6kom."},"content":{"rendered":"<p>Melaminska zdjela MB Northwind 15cm 6kom. &#8211; <\/p>\n<p>Ukra\u0161ena zdjela Northwind. Izra\u0111ena od 100% certificiranog melamina sigurnog za hranu. Periva u perilici posu\u0111a, neuni\u0161tiva i otporna na mrlje. 6 komada po pakiranju.<\/p>\n","protected":false},"excerpt":{"rendered":"<p>Melaminska zdjela MB Northwind 15cm 6kom. &#8211; Ukra\u0161ena zdjela Northwind. Izra\u0111ena od 100% certificiranog melamina sigurnog za hranu. Periva u<\/p>\n","protected":false},"featured_media":5942009,"comment_status":"closed","ping_status":"closed","template":"","meta":[],"product_brand":[3111],"product_cat":[1645],"product_tag":[],"class_list":{"0":"post-3689488","1":"product","2":"type-product","3":"status-publish","4":"has-post-thumbnail","6":"product_brand-marine-business-mb-hr","7":"product_cat-brodsko-posude","9":"first","10":"instock","11":"shipping-taxable","12":"purchasable","13":"product-type-simple"},"_links":{"self":[{"href":"https:\/\/stoic-curie.212-227-153-4.plesk.page\/hr\/wp-json\/wp\/v2\/product\/3689488","targetHints":{"allow":["GET"]}}],"collection":[{"href":"https:\/\/stoic-curie.212-227-153-4.plesk.page\/hr\/wp-json\/wp\/v2\/product"}],"about":[{"href":"https:\/\/stoic-curie.212-227-153-4.plesk.page\/hr\/wp-json\/wp\/v2\/types\/product"}],"replies":[{"embeddable":true,"href":"https:\/\/stoic-curie.212-227-153-4.plesk.page\/hr\/wp-json\/wp\/v2\/comments?post=3689488"}],"version-history":[{"count":0,"href":"https:\/\/stoic-curie.212-227-153-4.plesk.page\/hr\/wp-json\/wp\/v2\/product\/3689488\/revisions"}],"wp:featuredmedia":[{"embeddable":true,"href":"https:\/\/stoic-curie.212-227-153-4.plesk.page\/hr\/wp-json\/wp\/v2\/media\/5942009"}],"wp:attachment":[{"href":"https:\/\/stoic-curie.212-227-153-4.plesk.page\/hr\/wp-json\/wp\/v2\/media?parent=3689488"}],"wp:term":[{"taxonomy":"product_brand","embeddable":true,"href":"https:\/\/stoic-curie.212-227-153-4.plesk.page\/hr\/wp-json\/wp\/v2\/product_brand?post=3689488"},{"taxonomy":"product_cat","embeddable":true,"href":"https:\/\/stoic-curie.212-227-153-4.plesk.page\/hr\/wp-json\/wp\/v2\/product_cat?post=3689488"},{"taxonomy":"product_tag","embeddable":true,"href":"https:\/\/stoic-curie.212-227-153-4.plesk.page\/hr\/wp-json\/wp\/v2\/product_tag?post=3689488"}],"curies":[{"name":"wp","href":"https:\/\/api.w.org\/{rel}","templated":true}]}}