{"id":3689490,"date":"2025-10-13T13:38:34","date_gmt":"2025-10-13T17:38:34","guid":{"rendered":"https:\/\/stoic-curie.212-227-153-4.plesk.page\/product\/taca-za-posluzivanje-od-melamina-mb-northwind-2kom\/"},"modified":"2026-02-25T00:00:54","modified_gmt":"2026-02-25T00:00:54","slug":"taca-za-posluzivanje-od-melamina-mb-northwind-2kom","status":"publish","type":"product","link":"https:\/\/stoic-curie.212-227-153-4.plesk.page\/hr\/product\/taca-za-posluzivanje-od-melamina-mb-northwind-2kom\/","title":{"rendered":"Taca za poslu\u017eivanje od melamina MB Northwind 2kom"},"content":{"rendered":"<p>Taca za poslu\u017eivanje od melamina MB Northwind 2kom &#8211; <\/p>\n<p>Northwind ukrasni pladnjevi za poslu\u017eivanje. Napravljen od 100% certificiranog hrane sigurnog melamina. Perivo u perilici posu\u0111a, neuni\u0161tiv i otporan na mrlje. 2 komada po pakiranju.<\/p>\n","protected":false},"excerpt":{"rendered":"<p>Taca za poslu\u017eivanje od melamina MB Northwind 2kom &#8211; Northwind ukrasni pladnjevi za poslu\u017eivanje. Napravljen od 100% certificiranog hrane sigurnog<\/p>\n","protected":false},"featured_media":5942014,"comment_status":"closed","ping_status":"closed","template":"","meta":[],"product_brand":[3111],"product_cat":[1645],"product_tag":[],"class_list":{"0":"post-3689490","1":"product","2":"type-product","3":"status-publish","4":"has-post-thumbnail","6":"product_brand-marine-business-mb-hr","7":"product_cat-brodsko-posude","9":"first","10":"instock","11":"shipping-taxable","12":"purchasable","13":"product-type-simple"},"_links":{"self":[{"href":"https:\/\/stoic-curie.212-227-153-4.plesk.page\/hr\/wp-json\/wp\/v2\/product\/3689490","targetHints":{"allow":["GET"]}}],"collection":[{"href":"https:\/\/stoic-curie.212-227-153-4.plesk.page\/hr\/wp-json\/wp\/v2\/product"}],"about":[{"href":"https:\/\/stoic-curie.212-227-153-4.plesk.page\/hr\/wp-json\/wp\/v2\/types\/product"}],"replies":[{"embeddable":true,"href":"https:\/\/stoic-curie.212-227-153-4.plesk.page\/hr\/wp-json\/wp\/v2\/comments?post=3689490"}],"version-history":[{"count":0,"href":"https:\/\/stoic-curie.212-227-153-4.plesk.page\/hr\/wp-json\/wp\/v2\/product\/3689490\/revisions"}],"wp:featuredmedia":[{"embeddable":true,"href":"https:\/\/stoic-curie.212-227-153-4.plesk.page\/hr\/wp-json\/wp\/v2\/media\/5942014"}],"wp:attachment":[{"href":"https:\/\/stoic-curie.212-227-153-4.plesk.page\/hr\/wp-json\/wp\/v2\/media?parent=3689490"}],"wp:term":[{"taxonomy":"product_brand","embeddable":true,"href":"https:\/\/stoic-curie.212-227-153-4.plesk.page\/hr\/wp-json\/wp\/v2\/product_brand?post=3689490"},{"taxonomy":"product_cat","embeddable":true,"href":"https:\/\/stoic-curie.212-227-153-4.plesk.page\/hr\/wp-json\/wp\/v2\/product_cat?post=3689490"},{"taxonomy":"product_tag","embeddable":true,"href":"https:\/\/stoic-curie.212-227-153-4.plesk.page\/hr\/wp-json\/wp\/v2\/product_tag?post=3689490"}],"curies":[{"name":"wp","href":"https:\/\/api.w.org\/{rel}","templated":true}]}}