{"id":3689498,"date":"2025-10-13T13:38:36","date_gmt":"2025-10-13T17:38:36","guid":{"rendered":"https:\/\/stoic-curie.212-227-153-4.plesk.page\/product\/pepeljara-otporna-na-vjetar-mb-suede-navy\/"},"modified":"2026-02-25T00:00:54","modified_gmt":"2026-02-25T00:00:54","slug":"pepeljara-otporna-na-vjetar-mb-suede-navy","status":"publish","type":"product","link":"https:\/\/stoic-curie.212-227-153-4.plesk.page\/hr\/product\/pepeljara-otporna-na-vjetar-mb-suede-navy\/","title":{"rendered":"Pepeljara otporna na vjetar MB Suede Navy"},"content":{"rendered":"<p>Pepeljara otporna na vjetar MB Suede Navy &#8211; <\/p>\n<p>Vjetrobraneni suhomesni pepeljara od nehr\u0111aju\u0107eg \u010delika s uzorkom antilopa i neklizaju\u0107im dnom.<\/p>\n","protected":false},"excerpt":{"rendered":"<p>Pepeljara otporna na vjetar MB Suede Navy &#8211; Vjetrobraneni suhomesni pepeljara od nehr\u0111aju\u0107eg \u010delika s uzorkom antilopa i neklizaju\u0107im dnom.<\/p>\n","protected":false},"featured_media":5942035,"comment_status":"closed","ping_status":"closed","template":"","meta":[],"product_brand":[3111],"product_cat":[1640,1644],"product_tag":[],"class_list":{"0":"post-3689498","1":"product","2":"type-product","3":"status-publish","4":"has-post-thumbnail","6":"product_brand-marine-business-mb-hr","7":"product_cat-nauticki-dekor","8":"product_cat-pribor-za-spremista","10":"first","11":"instock","12":"shipping-taxable","13":"purchasable","14":"product-type-simple"},"_links":{"self":[{"href":"https:\/\/stoic-curie.212-227-153-4.plesk.page\/hr\/wp-json\/wp\/v2\/product\/3689498","targetHints":{"allow":["GET"]}}],"collection":[{"href":"https:\/\/stoic-curie.212-227-153-4.plesk.page\/hr\/wp-json\/wp\/v2\/product"}],"about":[{"href":"https:\/\/stoic-curie.212-227-153-4.plesk.page\/hr\/wp-json\/wp\/v2\/types\/product"}],"replies":[{"embeddable":true,"href":"https:\/\/stoic-curie.212-227-153-4.plesk.page\/hr\/wp-json\/wp\/v2\/comments?post=3689498"}],"version-history":[{"count":0,"href":"https:\/\/stoic-curie.212-227-153-4.plesk.page\/hr\/wp-json\/wp\/v2\/product\/3689498\/revisions"}],"wp:featuredmedia":[{"embeddable":true,"href":"https:\/\/stoic-curie.212-227-153-4.plesk.page\/hr\/wp-json\/wp\/v2\/media\/5942035"}],"wp:attachment":[{"href":"https:\/\/stoic-curie.212-227-153-4.plesk.page\/hr\/wp-json\/wp\/v2\/media?parent=3689498"}],"wp:term":[{"taxonomy":"product_brand","embeddable":true,"href":"https:\/\/stoic-curie.212-227-153-4.plesk.page\/hr\/wp-json\/wp\/v2\/product_brand?post=3689498"},{"taxonomy":"product_cat","embeddable":true,"href":"https:\/\/stoic-curie.212-227-153-4.plesk.page\/hr\/wp-json\/wp\/v2\/product_cat?post=3689498"},{"taxonomy":"product_tag","embeddable":true,"href":"https:\/\/stoic-curie.212-227-153-4.plesk.page\/hr\/wp-json\/wp\/v2\/product_tag?post=3689498"}],"curies":[{"name":"wp","href":"https:\/\/api.w.org\/{rel}","templated":true}]}}