{"id":3689508,"date":"2025-10-13T13:38:39","date_gmt":"2025-10-13T17:38:39","guid":{"rendered":"https:\/\/stoic-curie.212-227-153-4.plesk.page\/product\/manzeta-ispusnog-voda-za-volvo-penta-3588753\/"},"modified":"2026-02-25T00:00:54","modified_gmt":"2026-02-25T00:00:54","slug":"manzeta-ispusnog-voda-za-volvo-penta-3588753","status":"publish","type":"product","link":"https:\/\/stoic-curie.212-227-153-4.plesk.page\/hr\/product\/manzeta-ispusnog-voda-za-volvo-penta-3588753\/","title":{"rendered":"Man\u017eeta ispu\u0161nog voda za Volvo Penta 3588753"},"content":{"rendered":"<p>Man\u017eeta ispu\u0161nog voda za Volvo Penta 3588753 &#8211; <\/p>\n<p>Volvo Penta DPH-DPR ispu\u0161ni prijenosni balon. Potpuno s nastavcima od nehr\u0111aju\u0107eg \u010delika. Mo\u017ee zamijeniti originalnu rezervnu dijelove.<\/p>\n","protected":false},"excerpt":{"rendered":"<p>Man\u017eeta ispu\u0161nog voda za Volvo Penta 3588753 &#8211; Volvo Penta DPH-DPR ispu\u0161ni prijenosni balon. Potpuno s nastavcima od nehr\u0111aju\u0107eg \u010delika.<\/p>\n","protected":false},"featured_media":5942060,"comment_status":"closed","ping_status":"closed","template":"","meta":[],"product_brand":[3391],"product_cat":[1829],"product_tag":[],"class_list":{"0":"post-3689508","1":"product","2":"type-product","3":"status-publish","4":"has-post-thumbnail","6":"product_brand-sierra-marine-hr","7":"product_cat-rezervni-dijelovi-za-motore-volvo-penta","9":"first","10":"instock","11":"shipping-taxable","12":"purchasable","13":"product-type-simple"},"_links":{"self":[{"href":"https:\/\/stoic-curie.212-227-153-4.plesk.page\/hr\/wp-json\/wp\/v2\/product\/3689508","targetHints":{"allow":["GET"]}}],"collection":[{"href":"https:\/\/stoic-curie.212-227-153-4.plesk.page\/hr\/wp-json\/wp\/v2\/product"}],"about":[{"href":"https:\/\/stoic-curie.212-227-153-4.plesk.page\/hr\/wp-json\/wp\/v2\/types\/product"}],"replies":[{"embeddable":true,"href":"https:\/\/stoic-curie.212-227-153-4.plesk.page\/hr\/wp-json\/wp\/v2\/comments?post=3689508"}],"version-history":[{"count":0,"href":"https:\/\/stoic-curie.212-227-153-4.plesk.page\/hr\/wp-json\/wp\/v2\/product\/3689508\/revisions"}],"wp:featuredmedia":[{"embeddable":true,"href":"https:\/\/stoic-curie.212-227-153-4.plesk.page\/hr\/wp-json\/wp\/v2\/media\/5942060"}],"wp:attachment":[{"href":"https:\/\/stoic-curie.212-227-153-4.plesk.page\/hr\/wp-json\/wp\/v2\/media?parent=3689508"}],"wp:term":[{"taxonomy":"product_brand","embeddable":true,"href":"https:\/\/stoic-curie.212-227-153-4.plesk.page\/hr\/wp-json\/wp\/v2\/product_brand?post=3689508"},{"taxonomy":"product_cat","embeddable":true,"href":"https:\/\/stoic-curie.212-227-153-4.plesk.page\/hr\/wp-json\/wp\/v2\/product_cat?post=3689508"},{"taxonomy":"product_tag","embeddable":true,"href":"https:\/\/stoic-curie.212-227-153-4.plesk.page\/hr\/wp-json\/wp\/v2\/product_tag?post=3689508"}],"curies":[{"name":"wp","href":"https:\/\/api.w.org\/{rel}","templated":true}]}}