{"id":3689514,"date":"2025-10-13T13:38:41","date_gmt":"2025-10-13T17:38:41","guid":{"rendered":"https:\/\/stoic-curie.212-227-153-4.plesk.page\/product\/dyneema-liros-pro-carbon-1mm\/"},"modified":"2026-02-25T00:00:54","modified_gmt":"2026-02-25T00:00:54","slug":"dyneema-liros-pro-carbon-1mm","status":"publish","type":"product","link":"https:\/\/stoic-curie.212-227-153-4.plesk.page\/hr\/product\/dyneema-liros-pro-carbon-1mm\/","title":{"rendered":"Dyneema Liros Pro carbon 1mm"},"content":{"rendered":"<p>Dyneema Liros Pro carbon 1mm &#8211; <\/p>\n<p>LIROS Heat-Stretch-System jam\u010di optimalne neuspjehe i karakteristike istezanja ove u\u017ee. Izvrsna otpornost na tro\u0161enje, mala te\u017eina i mogu\u0107nost spajanja \u010dine ovu u\u017ee jedinstvenom za sve trka\u0107e brodove bilo koje veli\u010dine. Savr\u0161eno kao zamjena za \u010deli\u010dne kablove u tehni\u010dkim aplikacijama.<\/p>\n","protected":false},"excerpt":{"rendered":"<p>Dyneema Liros Pro carbon 1mm &#8211; LIROS Heat-Stretch-System jam\u010di optimalne neuspjehe i karakteristike istezanja ove u\u017ee. Izvrsna otpornost na tro\u0161enje,<\/p>\n","protected":false},"featured_media":5942075,"comment_status":"closed","ping_status":"closed","template":"","meta":[],"product_brand":[3066],"product_cat":[1767],"product_tag":[],"class_list":{"0":"post-3689514","1":"product","2":"type-product","3":"status-publish","4":"has-post-thumbnail","6":"product_brand-liros-hr","7":"product_cat-dyneema-konopi","9":"first","10":"instock","11":"shipping-taxable","12":"purchasable","13":"product-type-simple"},"_links":{"self":[{"href":"https:\/\/stoic-curie.212-227-153-4.plesk.page\/hr\/wp-json\/wp\/v2\/product\/3689514","targetHints":{"allow":["GET"]}}],"collection":[{"href":"https:\/\/stoic-curie.212-227-153-4.plesk.page\/hr\/wp-json\/wp\/v2\/product"}],"about":[{"href":"https:\/\/stoic-curie.212-227-153-4.plesk.page\/hr\/wp-json\/wp\/v2\/types\/product"}],"replies":[{"embeddable":true,"href":"https:\/\/stoic-curie.212-227-153-4.plesk.page\/hr\/wp-json\/wp\/v2\/comments?post=3689514"}],"version-history":[{"count":0,"href":"https:\/\/stoic-curie.212-227-153-4.plesk.page\/hr\/wp-json\/wp\/v2\/product\/3689514\/revisions"}],"wp:featuredmedia":[{"embeddable":true,"href":"https:\/\/stoic-curie.212-227-153-4.plesk.page\/hr\/wp-json\/wp\/v2\/media\/5942075"}],"wp:attachment":[{"href":"https:\/\/stoic-curie.212-227-153-4.plesk.page\/hr\/wp-json\/wp\/v2\/media?parent=3689514"}],"wp:term":[{"taxonomy":"product_brand","embeddable":true,"href":"https:\/\/stoic-curie.212-227-153-4.plesk.page\/hr\/wp-json\/wp\/v2\/product_brand?post=3689514"},{"taxonomy":"product_cat","embeddable":true,"href":"https:\/\/stoic-curie.212-227-153-4.plesk.page\/hr\/wp-json\/wp\/v2\/product_cat?post=3689514"},{"taxonomy":"product_tag","embeddable":true,"href":"https:\/\/stoic-curie.212-227-153-4.plesk.page\/hr\/wp-json\/wp\/v2\/product_tag?post=3689514"}],"curies":[{"name":"wp","href":"https:\/\/api.w.org\/{rel}","templated":true}]}}