{"id":3689520,"date":"2025-10-13T13:38:42","date_gmt":"2025-10-13T17:38:42","guid":{"rendered":"https:\/\/stoic-curie.212-227-153-4.plesk.page\/product\/usica-liros-dyneema-crna-8-mm-x-1500-kg\/"},"modified":"2026-02-25T00:00:54","modified_gmt":"2026-02-25T00:00:54","slug":"usica-liros-dyneema-crna-8-mm-x-1500-kg","status":"publish","type":"product","link":"https:\/\/stoic-curie.212-227-153-4.plesk.page\/hr\/product\/usica-liros-dyneema-crna-8-mm-x-1500-kg\/","title":{"rendered":"U\u0161ica Liros Dyneema crna 8 mm x 1500 kg"},"content":{"rendered":"<p>U\u0161ica Liros Dyneema crna 8 mm x 1500 kg &#8211; <\/p>\n<p>Meke vezice koje zamjenjuju metalne, karabinjere za povezivanje jedara, u\u017eadi i blokova. Tako\u0111er se koriste u industrijskim primjenama. Jednostavno, brzo i sigurno se otvaraju s Liros uzicom, \u010dime se izbjegavaju ozljede i o\u0161te\u0107enja palube. Izra\u0111ene su od visokotla\u010dnog Dyneema SK78, obojene su prema nosivosti radi lak\u0161e identifikacije.<\/p>\n","protected":false},"excerpt":{"rendered":"<p>U\u0161ica Liros Dyneema crna 8 mm x 1500 kg &#8211; Meke vezice koje zamjenjuju metalne, karabinjere za povezivanje jedara, u\u017eadi<\/p>\n","protected":false},"featured_media":5942076,"comment_status":"closed","ping_status":"closed","template":"","meta":[],"product_brand":[3066],"product_cat":[1767],"product_tag":[],"class_list":{"0":"post-3689520","1":"product","2":"type-product","3":"status-publish","4":"has-post-thumbnail","6":"product_brand-liros-hr","7":"product_cat-dyneema-konopi","9":"first","10":"instock","11":"shipping-taxable","12":"purchasable","13":"product-type-simple"},"_links":{"self":[{"href":"https:\/\/stoic-curie.212-227-153-4.plesk.page\/hr\/wp-json\/wp\/v2\/product\/3689520","targetHints":{"allow":["GET"]}}],"collection":[{"href":"https:\/\/stoic-curie.212-227-153-4.plesk.page\/hr\/wp-json\/wp\/v2\/product"}],"about":[{"href":"https:\/\/stoic-curie.212-227-153-4.plesk.page\/hr\/wp-json\/wp\/v2\/types\/product"}],"replies":[{"embeddable":true,"href":"https:\/\/stoic-curie.212-227-153-4.plesk.page\/hr\/wp-json\/wp\/v2\/comments?post=3689520"}],"version-history":[{"count":0,"href":"https:\/\/stoic-curie.212-227-153-4.plesk.page\/hr\/wp-json\/wp\/v2\/product\/3689520\/revisions"}],"wp:featuredmedia":[{"embeddable":true,"href":"https:\/\/stoic-curie.212-227-153-4.plesk.page\/hr\/wp-json\/wp\/v2\/media\/5942076"}],"wp:attachment":[{"href":"https:\/\/stoic-curie.212-227-153-4.plesk.page\/hr\/wp-json\/wp\/v2\/media?parent=3689520"}],"wp:term":[{"taxonomy":"product_brand","embeddable":true,"href":"https:\/\/stoic-curie.212-227-153-4.plesk.page\/hr\/wp-json\/wp\/v2\/product_brand?post=3689520"},{"taxonomy":"product_cat","embeddable":true,"href":"https:\/\/stoic-curie.212-227-153-4.plesk.page\/hr\/wp-json\/wp\/v2\/product_cat?post=3689520"},{"taxonomy":"product_tag","embeddable":true,"href":"https:\/\/stoic-curie.212-227-153-4.plesk.page\/hr\/wp-json\/wp\/v2\/product_tag?post=3689520"}],"curies":[{"name":"wp","href":"https:\/\/api.w.org\/{rel}","templated":true}]}}