{"id":3689521,"date":"2025-10-13T13:38:42","date_gmt":"2025-10-13T17:38:42","guid":{"rendered":"https:\/\/stoic-curie.212-227-153-4.plesk.page\/product\/usica-liros-dyneema-plava-12mm-x-4000kg\/"},"modified":"2026-02-25T00:00:54","modified_gmt":"2026-02-25T00:00:54","slug":"usica-liros-dyneema-plava-12mm-x-4000kg","status":"publish","type":"product","link":"https:\/\/stoic-curie.212-227-153-4.plesk.page\/hr\/product\/usica-liros-dyneema-plava-12mm-x-4000kg\/","title":{"rendered":"U\u0161ica Liros Dyneema plava 12mm x 4000kg"},"content":{"rendered":"<p>U\u0161ica Liros Dyneema plava 12mm x 4000kg &#8211; <\/p>\n<p>Mehki bitovi koji zamjenjuju metalne bitove i karabine za povezivanje jedara, konopa i blokova. Tako\u0111er se koristi u industrijskim aplikacijama. Jednostavno, brzo i sigurno se otvara s Liros konopom, sprje\u010dava ozljede i o\u0161te\u0107enja palube. Izra\u0111eni od visokotla\u010dnog Dyneema SK78, boje su prema optere\u0107enju za jednostavnu identifikaciju.<\/p>\n","protected":false},"excerpt":{"rendered":"<p>U\u0161ica Liros Dyneema plava 12mm x 4000kg &#8211; Mehki bitovi koji zamjenjuju metalne bitove i karabine za povezivanje jedara, konopa<\/p>\n","protected":false},"featured_media":5942076,"comment_status":"closed","ping_status":"closed","template":"","meta":[],"product_brand":[3066],"product_cat":[1767],"product_tag":[],"class_list":{"0":"post-3689521","1":"product","2":"type-product","3":"status-publish","4":"has-post-thumbnail","6":"product_brand-liros-hr","7":"product_cat-dyneema-konopi","9":"first","10":"instock","11":"shipping-taxable","12":"purchasable","13":"product-type-simple"},"_links":{"self":[{"href":"https:\/\/stoic-curie.212-227-153-4.plesk.page\/hr\/wp-json\/wp\/v2\/product\/3689521","targetHints":{"allow":["GET"]}}],"collection":[{"href":"https:\/\/stoic-curie.212-227-153-4.plesk.page\/hr\/wp-json\/wp\/v2\/product"}],"about":[{"href":"https:\/\/stoic-curie.212-227-153-4.plesk.page\/hr\/wp-json\/wp\/v2\/types\/product"}],"replies":[{"embeddable":true,"href":"https:\/\/stoic-curie.212-227-153-4.plesk.page\/hr\/wp-json\/wp\/v2\/comments?post=3689521"}],"version-history":[{"count":0,"href":"https:\/\/stoic-curie.212-227-153-4.plesk.page\/hr\/wp-json\/wp\/v2\/product\/3689521\/revisions"}],"wp:featuredmedia":[{"embeddable":true,"href":"https:\/\/stoic-curie.212-227-153-4.plesk.page\/hr\/wp-json\/wp\/v2\/media\/5942076"}],"wp:attachment":[{"href":"https:\/\/stoic-curie.212-227-153-4.plesk.page\/hr\/wp-json\/wp\/v2\/media?parent=3689521"}],"wp:term":[{"taxonomy":"product_brand","embeddable":true,"href":"https:\/\/stoic-curie.212-227-153-4.plesk.page\/hr\/wp-json\/wp\/v2\/product_brand?post=3689521"},{"taxonomy":"product_cat","embeddable":true,"href":"https:\/\/stoic-curie.212-227-153-4.plesk.page\/hr\/wp-json\/wp\/v2\/product_cat?post=3689521"},{"taxonomy":"product_tag","embeddable":true,"href":"https:\/\/stoic-curie.212-227-153-4.plesk.page\/hr\/wp-json\/wp\/v2\/product_tag?post=3689521"}],"curies":[{"name":"wp","href":"https:\/\/api.w.org\/{rel}","templated":true}]}}