{"id":3689523,"date":"2025-10-13T13:38:43","date_gmt":"2025-10-13T17:38:43","guid":{"rendered":"https:\/\/stoic-curie.212-227-153-4.plesk.page\/product\/startech-elektricna-ploca-s-4-led-prekidaca-130-x-100-mm\/"},"modified":"2026-02-25T00:00:54","modified_gmt":"2026-02-25T00:00:54","slug":"startech-elektricna-ploca-s-4-led-prekidaca-130-x-100-mm","status":"publish","type":"product","link":"https:\/\/stoic-curie.212-227-153-4.plesk.page\/hr\/product\/startech-elektricna-ploca-s-4-led-prekidaca-130-x-100-mm\/","title":{"rendered":"Startech elektricna ploca s 4 LED prekidaca 130 x 100 mm"},"content":{"rendered":"<p>Startech elektricna ploca s 4 LED prekidaca 130 x 100 mm &#8211; <\/p>\n<p>UV otpani stabilizirani plasti\u010dni paneli s IP65 za\u0161titom. O\u017ei\u010deni, s vodoopornim prekida\u010dima opremljenim LED svjetlima, osigura\u010dima i unaprijed ispisanim oznakama. Prvi prekida\u010d je (UKLJU\u010cENO)-ISKLJU\u010cENO za sirenu. Mo\u017ee se dopuniti razli\u010ditim nadogradnjama.<\/p>\n","protected":false},"excerpt":{"rendered":"<p>Startech elektricna ploca s 4 LED prekidaca 130 x 100 mm &#8211; UV otpani stabilizirani plasti\u010dni paneli s IP65 za\u0161titom.<\/p>\n","protected":false},"featured_media":5942080,"comment_status":"closed","ping_status":"closed","template":"","meta":[],"product_brand":[2831],"product_cat":[1746],"product_tag":[],"class_list":{"0":"post-3689523","1":"product","2":"type-product","3":"status-publish","4":"has-post-thumbnail","6":"product_brand-blue-sea-systems-hr","7":"product_cat-elektricne-ploce-prekidaca","9":"first","10":"instock","11":"shipping-taxable","12":"purchasable","13":"product-type-simple"},"_links":{"self":[{"href":"https:\/\/stoic-curie.212-227-153-4.plesk.page\/hr\/wp-json\/wp\/v2\/product\/3689523","targetHints":{"allow":["GET"]}}],"collection":[{"href":"https:\/\/stoic-curie.212-227-153-4.plesk.page\/hr\/wp-json\/wp\/v2\/product"}],"about":[{"href":"https:\/\/stoic-curie.212-227-153-4.plesk.page\/hr\/wp-json\/wp\/v2\/types\/product"}],"replies":[{"embeddable":true,"href":"https:\/\/stoic-curie.212-227-153-4.plesk.page\/hr\/wp-json\/wp\/v2\/comments?post=3689523"}],"version-history":[{"count":0,"href":"https:\/\/stoic-curie.212-227-153-4.plesk.page\/hr\/wp-json\/wp\/v2\/product\/3689523\/revisions"}],"wp:featuredmedia":[{"embeddable":true,"href":"https:\/\/stoic-curie.212-227-153-4.plesk.page\/hr\/wp-json\/wp\/v2\/media\/5942080"}],"wp:attachment":[{"href":"https:\/\/stoic-curie.212-227-153-4.plesk.page\/hr\/wp-json\/wp\/v2\/media?parent=3689523"}],"wp:term":[{"taxonomy":"product_brand","embeddable":true,"href":"https:\/\/stoic-curie.212-227-153-4.plesk.page\/hr\/wp-json\/wp\/v2\/product_brand?post=3689523"},{"taxonomy":"product_cat","embeddable":true,"href":"https:\/\/stoic-curie.212-227-153-4.plesk.page\/hr\/wp-json\/wp\/v2\/product_cat?post=3689523"},{"taxonomy":"product_tag","embeddable":true,"href":"https:\/\/stoic-curie.212-227-153-4.plesk.page\/hr\/wp-json\/wp\/v2\/product_tag?post=3689523"}],"curies":[{"name":"wp","href":"https:\/\/api.w.org\/{rel}","templated":true}]}}