{"id":3689524,"date":"2025-10-13T13:38:43","date_gmt":"2025-10-13T17:38:43","guid":{"rendered":"https:\/\/stoic-curie.212-227-153-4.plesk.page\/product\/bicolour-led-navigacijsko-svjetlo-s-usisnom-casom\/"},"modified":"2026-02-25T00:00:54","modified_gmt":"2026-02-25T00:00:54","slug":"bicolour-led-navigacijsko-svjetlo-s-usisnom-casom","status":"publish","type":"product","link":"https:\/\/stoic-curie.212-227-153-4.plesk.page\/hr\/product\/bicolour-led-navigacijsko-svjetlo-s-usisnom-casom\/","title":{"rendered":"Bicolour LED navigacijsko svjetlo s usisnom \u010da\u0161om"},"content":{"rendered":"<p>Bicolour LED navigacijsko svjetlo s usisnom \u010da\u0161om &#8211; <\/p>\n<p>Baterijski LED navigacijska svjetla s vakuumskom \u010da\u0161om, monta\u017eom za \u0161tap ili stezaljku. Radi sa neuklju\u010denim 2 x D tip baterijama.<\/p>\n","protected":false},"excerpt":{"rendered":"<p>Bicolour LED navigacijsko svjetlo s usisnom \u010da\u0161om &#8211; Baterijski LED navigacijska svjetla s vakuumskom \u010da\u0161om, monta\u017eom za \u0161tap ili stezaljku.<\/p>\n","protected":false},"featured_media":5942083,"comment_status":"closed","ping_status":"closed","template":"","meta":[],"product_brand":[3491],"product_cat":[1736],"product_tag":[],"class_list":{"0":"post-3689524","1":"product","2":"type-product","3":"status-publish","4":"has-post-thumbnail","6":"product_brand-trem-hr","7":"product_cat-led-navigacijska-svjetla","9":"first","10":"outofstock","11":"shipping-taxable","12":"purchasable","13":"product-type-simple"},"_links":{"self":[{"href":"https:\/\/stoic-curie.212-227-153-4.plesk.page\/hr\/wp-json\/wp\/v2\/product\/3689524","targetHints":{"allow":["GET"]}}],"collection":[{"href":"https:\/\/stoic-curie.212-227-153-4.plesk.page\/hr\/wp-json\/wp\/v2\/product"}],"about":[{"href":"https:\/\/stoic-curie.212-227-153-4.plesk.page\/hr\/wp-json\/wp\/v2\/types\/product"}],"replies":[{"embeddable":true,"href":"https:\/\/stoic-curie.212-227-153-4.plesk.page\/hr\/wp-json\/wp\/v2\/comments?post=3689524"}],"version-history":[{"count":0,"href":"https:\/\/stoic-curie.212-227-153-4.plesk.page\/hr\/wp-json\/wp\/v2\/product\/3689524\/revisions"}],"wp:featuredmedia":[{"embeddable":true,"href":"https:\/\/stoic-curie.212-227-153-4.plesk.page\/hr\/wp-json\/wp\/v2\/media\/5942083"}],"wp:attachment":[{"href":"https:\/\/stoic-curie.212-227-153-4.plesk.page\/hr\/wp-json\/wp\/v2\/media?parent=3689524"}],"wp:term":[{"taxonomy":"product_brand","embeddable":true,"href":"https:\/\/stoic-curie.212-227-153-4.plesk.page\/hr\/wp-json\/wp\/v2\/product_brand?post=3689524"},{"taxonomy":"product_cat","embeddable":true,"href":"https:\/\/stoic-curie.212-227-153-4.plesk.page\/hr\/wp-json\/wp\/v2\/product_cat?post=3689524"},{"taxonomy":"product_tag","embeddable":true,"href":"https:\/\/stoic-curie.212-227-153-4.plesk.page\/hr\/wp-json\/wp\/v2\/product_tag?post=3689524"}],"curies":[{"name":"wp","href":"https:\/\/api.w.org\/{rel}","templated":true}]}}