{"id":3689526,"date":"2025-10-13T13:38:44","date_gmt":"2025-10-13T17:38:44","guid":{"rendered":"https:\/\/stoic-curie.212-227-153-4.plesk.page\/product\/led-navigacijske-lampice-na-baterije-akumulatora-360o-sa-vakumskom-stezaljkom\/"},"modified":"2026-02-25T00:00:54","modified_gmt":"2026-02-25T00:00:54","slug":"led-navigacijske-lampice-na-baterije-akumulatora-360o-sa-vakumskom-stezaljkom","status":"publish","type":"product","link":"https:\/\/stoic-curie.212-227-153-4.plesk.page\/hr\/product\/led-navigacijske-lampice-na-baterije-akumulatora-360o-sa-vakumskom-stezaljkom\/","title":{"rendered":"LED navigacijske lampice na baterije akumulatora 360\u00ba sa vakumskom stezaljkom"},"content":{"rendered":"<p>LED navigacijske lampice na baterije akumulatora 360\u00ba sa vakumskom stezaljkom &#8211; <\/p>\n<p> LED navigacijska svjetla na baterije s usisnom \u010da\u0161om, stablom ili steznom monta\u017eom. <br \/> Radi s 2 x D tip baterijama (nisu uklju\u010dene).<\/p>\n","protected":false},"excerpt":{"rendered":"<p>LED navigacijske lampice na baterije akumulatora 360\u00ba sa vakumskom stezaljkom &#8211; LED navigacijska svjetla na baterije s usisnom \u010da\u0161om, stablom<\/p>\n","protected":false},"featured_media":5942084,"comment_status":"closed","ping_status":"closed","template":"","meta":[],"product_brand":[3491],"product_cat":[1736],"product_tag":[],"class_list":{"0":"post-3689526","1":"product","2":"type-product","3":"status-publish","4":"has-post-thumbnail","6":"product_brand-trem-hr","7":"product_cat-led-navigacijska-svjetla","9":"first","10":"instock","11":"shipping-taxable","12":"purchasable","13":"product-type-simple"},"_links":{"self":[{"href":"https:\/\/stoic-curie.212-227-153-4.plesk.page\/hr\/wp-json\/wp\/v2\/product\/3689526","targetHints":{"allow":["GET"]}}],"collection":[{"href":"https:\/\/stoic-curie.212-227-153-4.plesk.page\/hr\/wp-json\/wp\/v2\/product"}],"about":[{"href":"https:\/\/stoic-curie.212-227-153-4.plesk.page\/hr\/wp-json\/wp\/v2\/types\/product"}],"replies":[{"embeddable":true,"href":"https:\/\/stoic-curie.212-227-153-4.plesk.page\/hr\/wp-json\/wp\/v2\/comments?post=3689526"}],"version-history":[{"count":0,"href":"https:\/\/stoic-curie.212-227-153-4.plesk.page\/hr\/wp-json\/wp\/v2\/product\/3689526\/revisions"}],"wp:featuredmedia":[{"embeddable":true,"href":"https:\/\/stoic-curie.212-227-153-4.plesk.page\/hr\/wp-json\/wp\/v2\/media\/5942084"}],"wp:attachment":[{"href":"https:\/\/stoic-curie.212-227-153-4.plesk.page\/hr\/wp-json\/wp\/v2\/media?parent=3689526"}],"wp:term":[{"taxonomy":"product_brand","embeddable":true,"href":"https:\/\/stoic-curie.212-227-153-4.plesk.page\/hr\/wp-json\/wp\/v2\/product_brand?post=3689526"},{"taxonomy":"product_cat","embeddable":true,"href":"https:\/\/stoic-curie.212-227-153-4.plesk.page\/hr\/wp-json\/wp\/v2\/product_cat?post=3689526"},{"taxonomy":"product_tag","embeddable":true,"href":"https:\/\/stoic-curie.212-227-153-4.plesk.page\/hr\/wp-json\/wp\/v2\/product_tag?post=3689526"}],"curies":[{"name":"wp","href":"https:\/\/api.w.org\/{rel}","templated":true}]}}