{"id":3689528,"date":"2025-10-13T13:38:44","date_gmt":"2025-10-13T17:38:44","guid":{"rendered":"https:\/\/stoic-curie.212-227-153-4.plesk.page\/product\/jarbolno-svjetlo-combilight-aa-led\/"},"modified":"2026-02-25T00:00:54","modified_gmt":"2026-02-25T00:00:54","slug":"jarbolno-svjetlo-combilight-aa-led","status":"publish","type":"product","link":"https:\/\/stoic-curie.212-227-153-4.plesk.page\/hr\/product\/jarbolno-svjetlo-combilight-aa-led\/","title":{"rendered":"Jarbolno svjetlo Combilight Aa Led"},"content":{"rendered":"<p>Jarbolno svjetlo Combilight Aa Led &#8211; <\/p>\n<p>LED reflektor za palubu sa mast LED navigacijskom svjetlu za \u010damce do 12 metara. Vodootporno Tecnopolymer ku\u0107i\u0161te s fleksibilnim bo\u010dnim nosa\u010dima za monta\u017eu na jarbol.<\/p>\n","protected":false},"excerpt":{"rendered":"<p>Jarbolno svjetlo Combilight Aa Led &#8211; LED reflektor za palubu sa mast LED navigacijskom svjetlu za \u010damce do 12 metara.<\/p>\n","protected":false},"featured_media":5942085,"comment_status":"closed","ping_status":"closed","template":"","meta":[],"product_brand":[3236],"product_cat":[1734,1741],"product_tag":[],"class_list":{"0":"post-3689528","1":"product","2":"type-product","3":"status-publish","4":"has-post-thumbnail","6":"product_brand-osculati-hr","7":"product_cat-brodski-reflektori","8":"product_cat-navigacijska-svjetla","10":"first","11":"instock","12":"shipping-taxable","13":"purchasable","14":"product-type-simple"},"_links":{"self":[{"href":"https:\/\/stoic-curie.212-227-153-4.plesk.page\/hr\/wp-json\/wp\/v2\/product\/3689528","targetHints":{"allow":["GET"]}}],"collection":[{"href":"https:\/\/stoic-curie.212-227-153-4.plesk.page\/hr\/wp-json\/wp\/v2\/product"}],"about":[{"href":"https:\/\/stoic-curie.212-227-153-4.plesk.page\/hr\/wp-json\/wp\/v2\/types\/product"}],"replies":[{"embeddable":true,"href":"https:\/\/stoic-curie.212-227-153-4.plesk.page\/hr\/wp-json\/wp\/v2\/comments?post=3689528"}],"version-history":[{"count":0,"href":"https:\/\/stoic-curie.212-227-153-4.plesk.page\/hr\/wp-json\/wp\/v2\/product\/3689528\/revisions"}],"wp:featuredmedia":[{"embeddable":true,"href":"https:\/\/stoic-curie.212-227-153-4.plesk.page\/hr\/wp-json\/wp\/v2\/media\/5942085"}],"wp:attachment":[{"href":"https:\/\/stoic-curie.212-227-153-4.plesk.page\/hr\/wp-json\/wp\/v2\/media?parent=3689528"}],"wp:term":[{"taxonomy":"product_brand","embeddable":true,"href":"https:\/\/stoic-curie.212-227-153-4.plesk.page\/hr\/wp-json\/wp\/v2\/product_brand?post=3689528"},{"taxonomy":"product_cat","embeddable":true,"href":"https:\/\/stoic-curie.212-227-153-4.plesk.page\/hr\/wp-json\/wp\/v2\/product_cat?post=3689528"},{"taxonomy":"product_tag","embeddable":true,"href":"https:\/\/stoic-curie.212-227-153-4.plesk.page\/hr\/wp-json\/wp\/v2\/product_tag?post=3689528"}],"curies":[{"name":"wp","href":"https:\/\/api.w.org\/{rel}","templated":true}]}}