{"id":3689529,"date":"2025-10-13T13:38:45","date_gmt":"2025-10-13T17:38:45","guid":{"rendered":"https:\/\/stoic-curie.212-227-153-4.plesk.page\/product\/startech-indikator-napunjenosti-baterije-za-dvije-baterije\/"},"modified":"2026-02-25T00:00:54","modified_gmt":"2026-02-25T00:00:54","slug":"startech-indikator-napunjenosti-baterije-za-dvije-baterije","status":"publish","type":"product","link":"https:\/\/stoic-curie.212-227-153-4.plesk.page\/hr\/product\/startech-indikator-napunjenosti-baterije-za-dvije-baterije\/","title":{"rendered":"Startech indikator napunjenosti baterije za dvije baterije"},"content":{"rendered":"<p>Startech indikator napunjenosti baterije za dvije baterije &#8211; <\/p>\n<p>UV otporne stabilizirane plasti\u010dne plo\u010de s IP65 za\u0161titom. O\u017ei\u010dene, s vodootpornim prekida\u010dima opremljenim LED pilot lampama, osigura\u010dima i unaprijed otisnutim oznakama. Prvi prekida\u010d je (UKLJU\u010cENO)-ISKLJU\u010cENO za sirenu. Mo\u017ee se upotpuniti razli\u010ditim nadogradnjama.<\/p>\n","protected":false},"excerpt":{"rendered":"<p>Startech indikator napunjenosti baterije za dvije baterije &#8211; UV otporne stabilizirane plasti\u010dne plo\u010de s IP65 za\u0161titom. O\u017ei\u010dene, s vodootpornim prekida\u010dima<\/p>\n","protected":false},"featured_media":5942086,"comment_status":"closed","ping_status":"closed","template":"","meta":[],"product_brand":[2831],"product_cat":[1729],"product_tag":[],"class_list":{"0":"post-3689529","1":"product","2":"type-product","3":"status-publish","4":"has-post-thumbnail","6":"product_brand-blue-sea-systems-hr","7":"product_cat-baterije","9":"first","10":"instock","11":"shipping-taxable","12":"purchasable","13":"product-type-simple"},"_links":{"self":[{"href":"https:\/\/stoic-curie.212-227-153-4.plesk.page\/hr\/wp-json\/wp\/v2\/product\/3689529","targetHints":{"allow":["GET"]}}],"collection":[{"href":"https:\/\/stoic-curie.212-227-153-4.plesk.page\/hr\/wp-json\/wp\/v2\/product"}],"about":[{"href":"https:\/\/stoic-curie.212-227-153-4.plesk.page\/hr\/wp-json\/wp\/v2\/types\/product"}],"replies":[{"embeddable":true,"href":"https:\/\/stoic-curie.212-227-153-4.plesk.page\/hr\/wp-json\/wp\/v2\/comments?post=3689529"}],"version-history":[{"count":0,"href":"https:\/\/stoic-curie.212-227-153-4.plesk.page\/hr\/wp-json\/wp\/v2\/product\/3689529\/revisions"}],"wp:featuredmedia":[{"embeddable":true,"href":"https:\/\/stoic-curie.212-227-153-4.plesk.page\/hr\/wp-json\/wp\/v2\/media\/5942086"}],"wp:attachment":[{"href":"https:\/\/stoic-curie.212-227-153-4.plesk.page\/hr\/wp-json\/wp\/v2\/media?parent=3689529"}],"wp:term":[{"taxonomy":"product_brand","embeddable":true,"href":"https:\/\/stoic-curie.212-227-153-4.plesk.page\/hr\/wp-json\/wp\/v2\/product_brand?post=3689529"},{"taxonomy":"product_cat","embeddable":true,"href":"https:\/\/stoic-curie.212-227-153-4.plesk.page\/hr\/wp-json\/wp\/v2\/product_cat?post=3689529"},{"taxonomy":"product_tag","embeddable":true,"href":"https:\/\/stoic-curie.212-227-153-4.plesk.page\/hr\/wp-json\/wp\/v2\/product_tag?post=3689529"}],"curies":[{"name":"wp","href":"https:\/\/api.w.org\/{rel}","templated":true}]}}