{"id":3689531,"date":"2025-10-13T13:38:45","date_gmt":"2025-10-13T17:38:45","guid":{"rendered":"https:\/\/stoic-curie.212-227-153-4.plesk.page\/product\/ufo-led-stropne-svjetiljke-12-24-u-70mm-s-prekidacem-osjetljivim-na-dodir\/"},"modified":"2026-02-25T00:00:54","modified_gmt":"2026-02-25T00:00:54","slug":"ufo-led-stropne-svjetiljke-12-24-u-70mm-s-prekidacem-osjetljivim-na-dodir","status":"publish","type":"product","link":"https:\/\/stoic-curie.212-227-153-4.plesk.page\/hr\/product\/ufo-led-stropne-svjetiljke-12-24-u-70mm-s-prekidacem-osjetljivim-na-dodir\/","title":{"rendered":"UFO LED stropne svjetiljke 12\/24 u 70mm s prekidacem osjetljivim na dodir"},"content":{"rendered":"<p>UFO LED stropne svjetiljke 12\/24 u 70mm s prekidacem osjetljivim na dodir &#8211; <\/p>\n<p>IP65 za\u0161ti\u0107ena povr\u0161inska monta\u017ea od kromiranog aluminija 12\/24V LED kupolaste svjetla.<\/p>\n","protected":false},"excerpt":{"rendered":"<p>UFO LED stropne svjetiljke 12\/24 u 70mm s prekidacem osjetljivim na dodir &#8211; IP65 za\u0161ti\u0107ena povr\u0161inska monta\u017ea od kromiranog aluminija<\/p>\n","protected":false},"featured_media":5942088,"comment_status":"closed","ping_status":"closed","template":"","meta":[],"product_brand":[3221],"product_cat":[1739],"product_tag":[],"class_list":{"0":"post-3689531","1":"product","2":"type-product","3":"status-publish","4":"has-post-thumbnail","6":"product_brand-oceanled-hr","7":"product_cat-rasvjeta","9":"first","10":"instock","11":"shipping-taxable","12":"purchasable","13":"product-type-simple"},"_links":{"self":[{"href":"https:\/\/stoic-curie.212-227-153-4.plesk.page\/hr\/wp-json\/wp\/v2\/product\/3689531","targetHints":{"allow":["GET"]}}],"collection":[{"href":"https:\/\/stoic-curie.212-227-153-4.plesk.page\/hr\/wp-json\/wp\/v2\/product"}],"about":[{"href":"https:\/\/stoic-curie.212-227-153-4.plesk.page\/hr\/wp-json\/wp\/v2\/types\/product"}],"replies":[{"embeddable":true,"href":"https:\/\/stoic-curie.212-227-153-4.plesk.page\/hr\/wp-json\/wp\/v2\/comments?post=3689531"}],"version-history":[{"count":0,"href":"https:\/\/stoic-curie.212-227-153-4.plesk.page\/hr\/wp-json\/wp\/v2\/product\/3689531\/revisions"}],"wp:featuredmedia":[{"embeddable":true,"href":"https:\/\/stoic-curie.212-227-153-4.plesk.page\/hr\/wp-json\/wp\/v2\/media\/5942088"}],"wp:attachment":[{"href":"https:\/\/stoic-curie.212-227-153-4.plesk.page\/hr\/wp-json\/wp\/v2\/media?parent=3689531"}],"wp:term":[{"taxonomy":"product_brand","embeddable":true,"href":"https:\/\/stoic-curie.212-227-153-4.plesk.page\/hr\/wp-json\/wp\/v2\/product_brand?post=3689531"},{"taxonomy":"product_cat","embeddable":true,"href":"https:\/\/stoic-curie.212-227-153-4.plesk.page\/hr\/wp-json\/wp\/v2\/product_cat?post=3689531"},{"taxonomy":"product_tag","embeddable":true,"href":"https:\/\/stoic-curie.212-227-153-4.plesk.page\/hr\/wp-json\/wp\/v2\/product_tag?post=3689531"}],"curies":[{"name":"wp","href":"https:\/\/api.w.org\/{rel}","templated":true}]}}