{"id":3689533,"date":"2025-10-13T13:38:46","date_gmt":"2025-10-13T17:38:46","guid":{"rendered":"https:\/\/stoic-curie.212-227-153-4.plesk.page\/product\/podvodna-led-svjetiljka-od-nehrdajuceg-celika-svijetlo-plava-120-x-42-x-24-mm-12-24v\/"},"modified":"2026-02-25T00:00:54","modified_gmt":"2026-02-25T00:00:54","slug":"podvodna-led-svjetiljka-od-nehrdajuceg-celika-svijetlo-plava-120-x-42-x-24-mm-12-24v","status":"publish","type":"product","link":"https:\/\/stoic-curie.212-227-153-4.plesk.page\/hr\/product\/podvodna-led-svjetiljka-od-nehrdajuceg-celika-svijetlo-plava-120-x-42-x-24-mm-12-24v\/","title":{"rendered":"Podvodna LED svjetiljka od nehr\u0111aju\u0107eg \u010delika, svijetlo plava 120 x 42 x 24 mm 12-24V"},"content":{"rendered":"<p>Podvodna LED svjetiljka od nehr\u0111aju\u0107eg \u010delika, svijetlo plava 120 x 42 x 24 mm 12-24V &#8211; <\/p>\n<p>IP68 vodonepropusna platforma i podvodna LED rasvjeta s okvirom od nehr\u0111aju\u0107eg \u010delika. Mo\u017ee se koristiti pod vodom i iznad vode. Monta\u017ea na povr\u0161ini, smanjena potro\u0161nja 5,2 W.<\/p>\n","protected":false},"excerpt":{"rendered":"<p>Podvodna LED svjetiljka od nehr\u0111aju\u0107eg \u010delika, svijetlo plava 120 x 42 x 24 mm 12-24V &#8211; IP68 vodonepropusna platforma i<\/p>\n","protected":false},"featured_media":5942093,"comment_status":"closed","ping_status":"closed","template":"","meta":[],"product_brand":[3221],"product_cat":[1731],"product_tag":[],"class_list":{"0":"post-3689533","1":"product","2":"type-product","3":"status-publish","4":"has-post-thumbnail","6":"product_brand-oceanled-hr","7":"product_cat-uronjiva-led-svjetla","9":"first","10":"instock","11":"shipping-taxable","12":"purchasable","13":"product-type-simple"},"_links":{"self":[{"href":"https:\/\/stoic-curie.212-227-153-4.plesk.page\/hr\/wp-json\/wp\/v2\/product\/3689533","targetHints":{"allow":["GET"]}}],"collection":[{"href":"https:\/\/stoic-curie.212-227-153-4.plesk.page\/hr\/wp-json\/wp\/v2\/product"}],"about":[{"href":"https:\/\/stoic-curie.212-227-153-4.plesk.page\/hr\/wp-json\/wp\/v2\/types\/product"}],"replies":[{"embeddable":true,"href":"https:\/\/stoic-curie.212-227-153-4.plesk.page\/hr\/wp-json\/wp\/v2\/comments?post=3689533"}],"version-history":[{"count":0,"href":"https:\/\/stoic-curie.212-227-153-4.plesk.page\/hr\/wp-json\/wp\/v2\/product\/3689533\/revisions"}],"wp:featuredmedia":[{"embeddable":true,"href":"https:\/\/stoic-curie.212-227-153-4.plesk.page\/hr\/wp-json\/wp\/v2\/media\/5942093"}],"wp:attachment":[{"href":"https:\/\/stoic-curie.212-227-153-4.plesk.page\/hr\/wp-json\/wp\/v2\/media?parent=3689533"}],"wp:term":[{"taxonomy":"product_brand","embeddable":true,"href":"https:\/\/stoic-curie.212-227-153-4.plesk.page\/hr\/wp-json\/wp\/v2\/product_brand?post=3689533"},{"taxonomy":"product_cat","embeddable":true,"href":"https:\/\/stoic-curie.212-227-153-4.plesk.page\/hr\/wp-json\/wp\/v2\/product_cat?post=3689533"},{"taxonomy":"product_tag","embeddable":true,"href":"https:\/\/stoic-curie.212-227-153-4.plesk.page\/hr\/wp-json\/wp\/v2\/product_tag?post=3689533"}],"curies":[{"name":"wp","href":"https:\/\/api.w.org\/{rel}","templated":true}]}}