{"id":3689534,"date":"2025-10-13T13:38:46","date_gmt":"2025-10-13T17:38:46","guid":{"rendered":"https:\/\/stoic-curie.212-227-153-4.plesk.page\/product\/elektronicko-led-bljeskajuce-svjetlo-70-x-38-x-37mm\/"},"modified":"2026-02-25T00:00:54","modified_gmt":"2026-02-25T00:00:54","slug":"elektronicko-led-bljeskajuce-svjetlo-70-x-38-x-37mm","status":"publish","type":"product","link":"https:\/\/stoic-curie.212-227-153-4.plesk.page\/hr\/product\/elektronicko-led-bljeskajuce-svjetlo-70-x-38-x-37mm\/","title":{"rendered":"Elektronicko LED bljeskaju\u0107e svjetlo 70 x 38 x 37mm"},"content":{"rendered":"<p>Elektronicko LED bljeskaju\u0107e svjetlo 70 x 38 x 37mm &#8211; <\/p>\n<p>Kompaktna elektroni\u010dka LED trep\u0107u\u0107a svjetlost za prsluke za spa\u0161avanje. Litijska baterija traje 5 godina, vi\u0161e od 8 sati radnog vijeka, automatska aktivacija. Vodootporna, otporna na koroziju i vatru. U skladu s Solas\/USCG i europskom direktivom MED 96\/98\/CE. Standard za trgova\u010dku mornaricu i plovila za u\u017eitak.<\/p>\n","protected":false},"excerpt":{"rendered":"<p>Elektronicko LED bljeskaju\u0107e svjetlo 70 x 38 x 37mm &#8211; Kompaktna elektroni\u010dka LED trep\u0107u\u0107a svjetlost za prsluke za spa\u0161avanje. Litijska<\/p>\n","protected":false},"featured_media":5942094,"comment_status":"closed","ping_status":"closed","template":"","meta":[],"product_brand":[3516],"product_cat":[1601],"product_tag":[],"class_list":{"0":"post-3689534","1":"product","2":"type-product","3":"status-publish","4":"has-post-thumbnail","6":"product_brand-veleria-san-giorgio-hr","7":"product_cat-odobreni-prsluci-za-spasavanje","9":"first","10":"instock","11":"shipping-taxable","12":"purchasable","13":"product-type-simple"},"_links":{"self":[{"href":"https:\/\/stoic-curie.212-227-153-4.plesk.page\/hr\/wp-json\/wp\/v2\/product\/3689534","targetHints":{"allow":["GET"]}}],"collection":[{"href":"https:\/\/stoic-curie.212-227-153-4.plesk.page\/hr\/wp-json\/wp\/v2\/product"}],"about":[{"href":"https:\/\/stoic-curie.212-227-153-4.plesk.page\/hr\/wp-json\/wp\/v2\/types\/product"}],"replies":[{"embeddable":true,"href":"https:\/\/stoic-curie.212-227-153-4.plesk.page\/hr\/wp-json\/wp\/v2\/comments?post=3689534"}],"version-history":[{"count":0,"href":"https:\/\/stoic-curie.212-227-153-4.plesk.page\/hr\/wp-json\/wp\/v2\/product\/3689534\/revisions"}],"wp:featuredmedia":[{"embeddable":true,"href":"https:\/\/stoic-curie.212-227-153-4.plesk.page\/hr\/wp-json\/wp\/v2\/media\/5942094"}],"wp:attachment":[{"href":"https:\/\/stoic-curie.212-227-153-4.plesk.page\/hr\/wp-json\/wp\/v2\/media?parent=3689534"}],"wp:term":[{"taxonomy":"product_brand","embeddable":true,"href":"https:\/\/stoic-curie.212-227-153-4.plesk.page\/hr\/wp-json\/wp\/v2\/product_brand?post=3689534"},{"taxonomy":"product_cat","embeddable":true,"href":"https:\/\/stoic-curie.212-227-153-4.plesk.page\/hr\/wp-json\/wp\/v2\/product_cat?post=3689534"},{"taxonomy":"product_tag","embeddable":true,"href":"https:\/\/stoic-curie.212-227-153-4.plesk.page\/hr\/wp-json\/wp\/v2\/product_tag?post=3689534"}],"curies":[{"name":"wp","href":"https:\/\/api.w.org\/{rel}","templated":true}]}}