{"id":3689540,"date":"2025-10-13T13:38:48","date_gmt":"2025-10-13T17:38:48","guid":{"rendered":"https:\/\/stoic-curie.212-227-153-4.plesk.page\/product\/marinco-elektricni-kabel-16-ampera\/"},"modified":"2026-02-25T00:00:54","modified_gmt":"2026-02-25T00:00:54","slug":"marinco-elektricni-kabel-16-ampera","status":"publish","type":"product","link":"https:\/\/stoic-curie.212-227-153-4.plesk.page\/hr\/product\/marinco-elektricni-kabel-16-ampera\/","title":{"rendered":"Marinco elektricni kabel, 16 ampera"},"content":{"rendered":"<p>Marinco elektricni kabel, 16 ampera &#8211; <\/p>\n<p>CE certificirani morski elektri\u010dni kabel za uti\u010dnice i priklju\u010dke. PVC-om oblo\u017eeni i izolirani bakreni vod s tinjcem crvene boje klase 5 IEC60228 nudi maksimalnu za\u0161titu od korozije i elektrolize. Izvrsna fleksibilnost izolacijske omote, izra\u0111ene od posebne nitrilne gume PVC-a, otporna je na morsku vodu, certificirana IEC60332-1, otporna na plamen i ulje.<\/p>\n","protected":false},"excerpt":{"rendered":"<p>Marinco elektricni kabel, 16 ampera &#8211; CE certificirani morski elektri\u010dni kabel za uti\u010dnice i priklju\u010dke. PVC-om oblo\u017eeni i izolirani bakreni<\/p>\n","protected":false},"featured_media":5942098,"comment_status":"closed","ping_status":"closed","template":"","meta":[],"product_brand":[3106],"product_cat":[1750],"product_tag":[],"class_list":{"0":"post-3689540","1":"product","2":"type-product","3":"status-publish","4":"has-post-thumbnail","6":"product_brand-marinco-hr","7":"product_cat-marinco-utikaci","9":"first","10":"instock","11":"shipping-taxable","12":"purchasable","13":"product-type-simple"},"_links":{"self":[{"href":"https:\/\/stoic-curie.212-227-153-4.plesk.page\/hr\/wp-json\/wp\/v2\/product\/3689540","targetHints":{"allow":["GET"]}}],"collection":[{"href":"https:\/\/stoic-curie.212-227-153-4.plesk.page\/hr\/wp-json\/wp\/v2\/product"}],"about":[{"href":"https:\/\/stoic-curie.212-227-153-4.plesk.page\/hr\/wp-json\/wp\/v2\/types\/product"}],"replies":[{"embeddable":true,"href":"https:\/\/stoic-curie.212-227-153-4.plesk.page\/hr\/wp-json\/wp\/v2\/comments?post=3689540"}],"version-history":[{"count":0,"href":"https:\/\/stoic-curie.212-227-153-4.plesk.page\/hr\/wp-json\/wp\/v2\/product\/3689540\/revisions"}],"wp:featuredmedia":[{"embeddable":true,"href":"https:\/\/stoic-curie.212-227-153-4.plesk.page\/hr\/wp-json\/wp\/v2\/media\/5942098"}],"wp:attachment":[{"href":"https:\/\/stoic-curie.212-227-153-4.plesk.page\/hr\/wp-json\/wp\/v2\/media?parent=3689540"}],"wp:term":[{"taxonomy":"product_brand","embeddable":true,"href":"https:\/\/stoic-curie.212-227-153-4.plesk.page\/hr\/wp-json\/wp\/v2\/product_brand?post=3689540"},{"taxonomy":"product_cat","embeddable":true,"href":"https:\/\/stoic-curie.212-227-153-4.plesk.page\/hr\/wp-json\/wp\/v2\/product_cat?post=3689540"},{"taxonomy":"product_tag","embeddable":true,"href":"https:\/\/stoic-curie.212-227-153-4.plesk.page\/hr\/wp-json\/wp\/v2\/product_tag?post=3689540"}],"curies":[{"name":"wp","href":"https:\/\/api.w.org\/{rel}","templated":true}]}}